{"id":5401,"date":"2021-03-21T21:45:07","date_gmt":"2021-03-21T21:45:07","guid":{"rendered":"https:\/\/maryjanesoka.com\/contactez-nous\/"},"modified":"2025-07-15T23:02:18","modified_gmt":"2025-07-15T23:02:18","slug":"contactez-nous","status":"publish","type":"page","link":"https:\/\/maryjanesoka.com\/fr\/contactez-nous\/","title":{"rendered":"Contactez-nous"},"content":{"rendered":"\t\t<div data-elementor-type=\"wp-page\" data-elementor-id=\"5401\" class=\"elementor elementor-5401 elementor-11\" data-elementor-post-type=\"page\">\n\t\t\t\t\t\t\t\t\t<section class=\"elementor-section elementor-top-section elementor-element elementor-element-639c07c7 elementor-section-boxed elementor-section-height-default elementor-section-height-default\" data-id=\"639c07c7\" data-element_type=\"section\" data-settings=\"{&quot;background_background&quot;:&quot;classic&quot;}\">\n\t\t\t\t\t\t<div class=\"elementor-container elementor-column-gap-default\">\n\t\t\t\t\t<div class=\"elementor-column elementor-col-100 elementor-top-column elementor-element elementor-element-6ff0d621\" data-id=\"6ff0d621\" data-element_type=\"column\">\n\t\t\t<div class=\"elementor-widget-wrap elementor-element-populated\">\n\t\t\t\t\t\t\t\t<div class=\"elementor-element elementor-element-4871912d elementor-widget elementor-widget-heading\" data-id=\"4871912d\" data-element_type=\"widget\" data-widget_type=\"heading.default\">\n\t\t\t\t<div class=\"elementor-widget-container\">\n\t\t\t<h2 class=\"elementor-heading-title elementor-size-default\">Contactez-nous<\/h2>\t\t<\/div>\n\t\t\t\t<\/div>\n\t\t\t\t<div class=\"elementor-element elementor-element-448f5550 elementor-widget elementor-widget-text-editor\" data-id=\"448f5550\" data-element_type=\"widget\" data-widget_type=\"text-editor.default\">\n\t\t\t\t<div class=\"elementor-widget-container\">\n\t\t\t\t\t\t\t<h3 class=\"cms-heading-tag \">Nous serions ravis d\u2019avoir de vos nouvelles.<\/h3>\n<p class=\"cms-heading-desc\">Que vous soyez un utilisateur exp\u00e9riment\u00e9 de cannabis ou un d\u00e9butant absolu, nous voulons que vous vous sentiez chez vous chez Mary Jane\u2019s. Notre \u00e9quipe est compos\u00e9e de professionnels locaux du cannabis poss\u00e9dant une connaissance approfondie de l\u2019utilisation m\u00e9dicale et r\u00e9cr\u00e9ative du cannabis, ainsi que des marques et produits que nous proposons. Quels que soient vos besoins ou vos int\u00e9r\u00eats, notre \u00e9quipe est d\u00e9di\u00e9e \u00e0 trouver les produits qui vous conviennent.<\/p>\n\t\t\t\t\t\t<\/div>\n\t\t\t\t<\/div>\n\t\t\t\t<section class=\"elementor-section elementor-inner-section elementor-element elementor-element-7fb824ab elementor-section-boxed elementor-section-height-default elementor-section-height-default\" data-id=\"7fb824ab\" data-element_type=\"section\">\n\t\t\t\t\t\t<div class=\"elementor-container elementor-column-gap-default\">\n\t\t\t\t\t<div class=\"elementor-column elementor-col-33 elementor-inner-column elementor-element elementor-element-50c9b704\" data-id=\"50c9b704\" data-element_type=\"column\" data-settings=\"{&quot;background_background&quot;:&quot;classic&quot;}\">\n\t\t\t<div class=\"elementor-widget-wrap elementor-element-populated\">\n\t\t\t\t\t\t\t\t<div class=\"elementor-element elementor-element-32e015fa elementor-widget elementor-widget-heading\" data-id=\"32e015fa\" data-element_type=\"widget\" data-widget_type=\"heading.default\">\n\t\t\t\t<div class=\"elementor-widget-container\">\n\t\t\t<h2 class=\"elementor-heading-title elementor-size-default\">Envoyer un message<\/h2>\t\t<\/div>\n\t\t\t\t<\/div>\n\t\t\t\t<div class=\"elementor-element elementor-element-1ae33c05 elementor-widget elementor-widget-text-editor\" data-id=\"1ae33c05\" data-element_type=\"widget\" data-widget_type=\"text-editor.default\">\n\t\t\t\t<div class=\"elementor-widget-container\">\n\t\t\t\t\t\t\t<p><strong>Nous vous r\u00e9pondrons d\u00e8s que possible.<\/strong><\/p>\n\t\t\t\t\t\t<\/div>\n\t\t\t\t<\/div>\n\t\t\t\t<div class=\"elementor-element elementor-element-7e7124c8 elementor-button-align-stretch elementor-widget elementor-widget-form\" data-id=\"7e7124c8\" data-element_type=\"widget\" data-settings=\"{&quot;step_next_label&quot;:&quot;Next&quot;,&quot;step_previous_label&quot;:&quot;Previous&quot;,&quot;button_width&quot;:&quot;100&quot;,&quot;step_type&quot;:&quot;number_text&quot;,&quot;step_icon_shape&quot;:&quot;circle&quot;}\" data-widget_type=\"form.default\">\n\t\t\t\t<div class=\"elementor-widget-container\">\n\t\t\t\t\t<form class=\"elementor-form\" method=\"post\" name=\"New Form\">\n\t\t\t<input type=\"hidden\" name=\"post_id\" value=\"5401\"\/>\n\t\t\t<input type=\"hidden\" name=\"form_id\" value=\"7e7124c8\"\/>\n\t\t\t<input type=\"hidden\" name=\"referer_title\" value=\"Oka&#039;s Marijuana Dispensary &#8211; Mary Jane&#039;s\" \/>\n\n\t\t\t\n\t\t\t<div class=\"elementor-form-fields-wrapper elementor-labels-above\">\n\t\t\t\t\t\t\t\t<div class=\"elementor-field-type-text elementor-field-group elementor-column elementor-field-group-name elementor-col-50\">\n\t\t\t\t\t\t\t\t\t\t\t\t\t<input size=\"1\" type=\"text\" name=\"form_fields[name]\" id=\"form-field-name\" class=\"elementor-field elementor-size-sm  elementor-field-textual\" placeholder=\"Nom\">\n\t\t\t\t\t\t\t\t\t\t\t<\/div>\n\t\t\t\t\t\t\t\t<div class=\"elementor-field-type-email elementor-field-group elementor-column elementor-field-group-email elementor-col-50 elementor-field-required\">\n\t\t\t\t\t\t\t\t\t\t\t\t\t<input size=\"1\" type=\"email\" name=\"form_fields[email]\" id=\"form-field-email\" class=\"elementor-field elementor-size-sm  elementor-field-textual\" placeholder=\"Courriel\" required=\"required\" aria-required=\"true\">\n\t\t\t\t\t\t\t\t\t\t\t<\/div>\n\t\t\t\t\t\t\t\t<div class=\"elementor-field-type-textarea elementor-field-group elementor-column elementor-field-group-message elementor-col-100\">\n\t\t\t\t\t\t\t\t\t\t\t\t<label for=\"form-field-message\" class=\"elementor-field-label\">\n\t\t\t\t\t\t\t\tMessage\t\t\t\t\t\t\t<\/label>\n\t\t\t\t\t\t<textarea class=\"elementor-field-textual elementor-field  elementor-size-sm\" name=\"form_fields[message]\" id=\"form-field-message\" rows=\"7\" placeholder=\"Message\"><\/textarea>\t\t\t\t<\/div>\n\t\t\t\t\t\t\t\t<div class=\"elementor-field-type-recaptcha_v3 elementor-field-group elementor-column elementor-field-group-field_b56cd1b elementor-col-100 recaptcha_v3-bottomright\">\n\t\t\t\t\t<div class=\"elementor-field\" id=\"form-field-field_b56cd1b\"><div class=\"elementor-g-recaptcha\" data-sitekey=\"6LfiCbsaAAAAAE1mr4A7ARQW1W2I77cD1Qk1Y15a\" data-type=\"v3\" data-action=\"Form\" data-badge=\"bottomright\" data-size=\"invisible\"><\/div><\/div>\t\t\t\t<\/div>\n\t\t\t\t\t\t\t\t<div class=\"elementor-field-group elementor-column elementor-field-type-submit elementor-col-100 e-form__buttons\">\n\t\t\t\t\t<button type=\"submit\" class=\"elementor-button elementor-size-sm\">\n\t\t\t\t\t\t<span >\n\t\t\t\t\t\t\t\t\t\t\t\t\t\t\t<span class=\" elementor-button-icon\">\n\t\t\t\t\t\t\t\t\t\t\t\t\t\t\t\t\t\t\t\t\t\t\t\t\t\t<\/span>\n\t\t\t\t\t\t\t\t\t\t\t\t\t\t\t\t\t\t\t\t\t\t<span class=\"elementor-button-text\">Envoyer<\/span>\n\t\t\t\t\t\t\t\t\t\t\t\t\t<\/span>\n\t\t\t\t\t<\/button>\n\t\t\t\t<\/div>\n\t\t\t<\/div>\n\t\t<\/form>\n\t\t\t\t<\/div>\n\t\t\t\t<\/div>\n\t\t\t\t\t<\/div>\n\t\t<\/div>\n\t\t\t\t<div class=\"elementor-column elementor-col-33 elementor-inner-column elementor-element elementor-element-50d618b7\" data-id=\"50d618b7\" data-element_type=\"column\">\n\t\t\t<div class=\"elementor-widget-wrap elementor-element-populated\">\n\t\t\t\t\t\t\t\t<div class=\"elementor-element elementor-element-4bd45298 elementor-view-default elementor-position-top elementor-mobile-position-top elementor-widget elementor-widget-icon-box\" data-id=\"4bd45298\" data-element_type=\"widget\" data-widget_type=\"icon-box.default\">\n\t\t\t\t<div class=\"elementor-widget-container\">\n\t\t\t\t\t<div class=\"elementor-icon-box-wrapper\">\n\t\t\t\t\t\t<div class=\"elementor-icon-box-icon\">\n\t\t\t\t<a href=\"tel:450-479-8261\" class=\"elementor-icon elementor-animation-\" tabindex=\"-1\">\n\t\t\t\t<i aria-hidden=\"true\" class=\"fas fa-phone\"><\/i>\t\t\t\t<\/a>\n\t\t\t<\/div>\n\t\t\t\t\t\t<div class=\"elementor-icon-box-content\">\n\t\t\t\t<h3 class=\"elementor-icon-box-title\">\n\t\t\t\t\t<a href=\"tel:450-479-8261\" >\n\t\t\t\t\t\tDiscutons\t\t\t\t\t<\/a>\n\t\t\t\t<\/h3>\n\t\t\t\t\t\t\t\t\t<p class=\"elementor-icon-box-description\">\n\t\t\t\t\t\t(450) 479-8261\t\t\t\t\t<\/p>\n\t\t\t\t\t\t\t<\/div>\n\t\t<\/div>\n\t\t\t\t<\/div>\n\t\t\t\t<\/div>\n\t\t\t\t<div class=\"elementor-element elementor-element-55d691cf elementor-view-default elementor-position-top elementor-mobile-position-top elementor-widget elementor-widget-icon-box\" data-id=\"55d691cf\" data-element_type=\"widget\" data-widget_type=\"icon-box.default\">\n\t\t\t\t<div class=\"elementor-widget-container\">\n\t\t\t\t\t<div class=\"elementor-icon-box-wrapper\">\n\t\t\t\t\t\t<div class=\"elementor-icon-box-icon\">\n\t\t\t\t<span  class=\"elementor-icon elementor-animation-\">\n\t\t\t\t<i aria-hidden=\"true\" class=\"far fa-clock\"><\/i>\t\t\t\t<\/span>\n\t\t\t<\/div>\n\t\t\t\t\t\t<div class=\"elementor-icon-box-content\">\n\t\t\t\t<h3 class=\"elementor-icon-box-title\">\n\t\t\t\t\t<span  >\n\t\t\t\t\t\t\"Horaires d'ouverture\"\t\t\t\t\t<\/span>\n\t\t\t\t<\/h3>\n\t\t\t\t\t\t\t\t\t<p class=\"elementor-icon-box-description\">\n\t\t\t\t\t\tLun\u2013Mer : 8h \u2013 21h\nJeu\u2013Dim : 8h \u2013 22h\t\t\t\t\t<\/p>\n\t\t\t\t\t\t\t<\/div>\n\t\t<\/div>\n\t\t\t\t<\/div>\n\t\t\t\t<\/div>\n\t\t\t\t\t<\/div>\n\t\t<\/div>\n\t\t\t\t<div class=\"elementor-column elementor-col-33 elementor-inner-column elementor-element elementor-element-3ef69fc0\" data-id=\"3ef69fc0\" data-element_type=\"column\" data-settings=\"{&quot;background_background&quot;:&quot;classic&quot;}\">\n\t\t\t<div class=\"elementor-widget-wrap elementor-element-populated\">\n\t\t\t\t\t\t\t\t<div class=\"elementor-element elementor-element-39121fa4 elementor-view-default elementor-position-top elementor-mobile-position-top elementor-widget elementor-widget-icon-box\" data-id=\"39121fa4\" data-element_type=\"widget\" data-widget_type=\"icon-box.default\">\n\t\t\t\t<div class=\"elementor-widget-container\">\n\t\t\t\t\t<div class=\"elementor-icon-box-wrapper\">\n\t\t\t\t\t\t<div class=\"elementor-icon-box-icon\">\n\t\t\t\t<a href=\"mailto:info@maryjanesoka.com\" class=\"elementor-icon elementor-animation-\" tabindex=\"-1\">\n\t\t\t\t<i aria-hidden=\"true\" class=\"far fa-envelope\"><\/i>\t\t\t\t<\/a>\n\t\t\t<\/div>\n\t\t\t\t\t\t<div class=\"elementor-icon-box-content\">\n\t\t\t\t<h3 class=\"elementor-icon-box-title\">\n\t\t\t\t\t<a href=\"mailto:info@maryjanesoka.com\" >\n\t\t\t\t\t\tEnvoyez-nous un courriel\t\t\t\t\t<\/a>\n\t\t\t\t<\/h3>\n\t\t\t\t\t\t\t\t\t<p class=\"elementor-icon-box-description\">\n\t\t\t\t\t\tinfo@maryjanesoka.com\t\t\t\t\t<\/p>\n\t\t\t\t\t\t\t<\/div>\n\t\t<\/div>\n\t\t\t\t<\/div>\n\t\t\t\t<\/div>\n\t\t\t\t<div class=\"elementor-element elementor-element-14bb29de elementor-view-default elementor-position-top elementor-mobile-position-top elementor-widget elementor-widget-icon-box\" data-id=\"14bb29de\" data-element_type=\"widget\" data-widget_type=\"icon-box.default\">\n\t\t\t\t<div class=\"elementor-widget-container\">\n\t\t\t\t\t<div class=\"elementor-icon-box-wrapper\">\n\t\t\t\t\t\t<div class=\"elementor-icon-box-icon\">\n\t\t\t\t<span  class=\"elementor-icon elementor-animation-\">\n\t\t\t\t<i aria-hidden=\"true\" class=\"fas fa-users\"><\/i>\t\t\t\t<\/span>\n\t\t\t<\/div>\n\t\t\t\t\t\t<div class=\"elementor-icon-box-content\">\n\t\t\t\t<h3 class=\"elementor-icon-box-title\">\n\t\t\t\t\t<span  >\n\t\t\t\t\t\tSuivez-nous\t\t\t\t\t<\/span>\n\t\t\t\t<\/h3>\n\t\t\t\t\t\t\t\t\t<p class=\"elementor-icon-box-description\">\n\t\t\t\t\t\t@maryjanesoka\t\t\t\t\t<\/p>\n\t\t\t\t\t\t\t<\/div>\n\t\t<\/div>\n\t\t\t\t<\/div>\n\t\t\t\t<\/div>\n\t\t\t\t\t<\/div>\n\t\t<\/div>\n\t\t\t\t\t\t\t<\/div>\n\t\t<\/section>\n\t\t\t\t\t<\/div>\n\t\t<\/div>\n\t\t\t\t\t\t\t<\/div>\n\t\t<\/section>\n\t\t\t\t<section class=\"elementor-section elementor-top-section elementor-element elementor-element-7391dc0a elementor-section-boxed elementor-section-height-default elementor-section-height-default\" data-id=\"7391dc0a\" data-element_type=\"section\">\n\t\t\t\t\t\t<div class=\"elementor-container elementor-column-gap-default\">\n\t\t\t\t\t<div class=\"elementor-column elementor-col-50 elementor-top-column elementor-element elementor-element-4a8e6096\" data-id=\"4a8e6096\" data-element_type=\"column\">\n\t\t\t<div class=\"elementor-widget-wrap elementor-element-populated\">\n\t\t\t\t\t\t\t\t<div class=\"elementor-element elementor-element-7891795a elementor-widget elementor-widget-heading\" data-id=\"7891795a\" data-element_type=\"widget\" data-widget_type=\"heading.default\">\n\t\t\t\t<div class=\"elementor-widget-container\">\n\t\t\t<h2 class=\"elementor-heading-title elementor-size-default\">Venez nous rendre visite<\/h2>\t\t<\/div>\n\t\t\t\t<\/div>\n\t\t\t\t<div class=\"elementor-element elementor-element-597b5e45 elementor-widget elementor-widget-text-editor\" data-id=\"597b5e45\" data-element_type=\"widget\" data-widget_type=\"text-editor.default\">\n\t\t\t\t<div class=\"elementor-widget-container\">\n\t\t\t\t\t\t\t<h4>Emplacement<\/h4>\n\t\t\t\t\t\t<\/div>\n\t\t\t\t<\/div>\n\t\t\t\t<div class=\"elementor-element elementor-element-7862c6ff elementor-icon-list--layout-traditional elementor-list-item-link-full_width elementor-widget elementor-widget-icon-list\" data-id=\"7862c6ff\" data-element_type=\"widget\" data-widget_type=\"icon-list.default\">\n\t\t\t\t<div class=\"elementor-widget-container\">\n\t\t\t\t\t<ul class=\"elementor-icon-list-items\">\n\t\t\t\t\t\t\t<li class=\"elementor-icon-list-item\">\n\t\t\t\t\t\t\t\t\t\t\t<span class=\"elementor-icon-list-icon\">\n\t\t\t\t\t\t\t<i aria-hidden=\"true\" class=\"fas fa-map-pin\"><\/i>\t\t\t\t\t\t<\/span>\n\t\t\t\t\t\t\t\t\t\t<span class=\"elementor-icon-list-text\">441 rue St-Michel<br>Oka, Quebec<br>J0N 1E0<\/span>\n\t\t\t\t\t\t\t\t\t<\/li>\n\t\t\t\t\t\t<\/ul>\n\t\t\t\t<\/div>\n\t\t\t\t<\/div>\n\t\t\t\t<div class=\"elementor-element elementor-element-282917bf elementor-widget elementor-widget-text-editor\" data-id=\"282917bf\" data-element_type=\"widget\" data-widget_type=\"text-editor.default\">\n\t\t\t\t<div class=\"elementor-widget-container\">\n\t\t\t\t\t\t\t<h4>Nous n&rsquo;acceptons que l&rsquo;argent comptant<\/h4>\n\t\t\t\t\t\t<\/div>\n\t\t\t\t<\/div>\n\t\t\t\t<div class=\"elementor-element elementor-element-4aa2fcdd elementor-icon-list--layout-traditional elementor-list-item-link-full_width elementor-widget elementor-widget-icon-list\" data-id=\"4aa2fcdd\" data-element_type=\"widget\" data-widget_type=\"icon-list.default\">\n\t\t\t\t<div class=\"elementor-widget-container\">\n\t\t\t\t\t<ul class=\"elementor-icon-list-items\">\n\t\t\t\t\t\t\t<li class=\"elementor-icon-list-item\">\n\t\t\t\t\t\t\t\t\t\t\t<span class=\"elementor-icon-list-icon\">\n\t\t\t\t\t\t\t<i aria-hidden=\"true\" class=\"far fa-credit-card\"><\/i>\t\t\t\t\t\t<\/span>\n\t\t\t\t\t\t\t\t\t\t<span class=\"elementor-icon-list-text\">Distributeur automatique sur place<\/span>\n\t\t\t\t\t\t\t\t\t<\/li>\n\t\t\t\t\t\t<\/ul>\n\t\t\t\t<\/div>\n\t\t\t\t<\/div>\n\t\t\t\t\t<\/div>\n\t\t<\/div>\n\t\t\t\t<div class=\"elementor-column elementor-col-50 elementor-top-column elementor-element elementor-element-477871fa\" data-id=\"477871fa\" data-element_type=\"column\">\n\t\t\t<div class=\"elementor-widget-wrap elementor-element-populated\">\n\t\t\t\t\t\t\t\t<div class=\"elementor-element elementor-element-62fbb41 elementor-widget elementor-widget-html\" data-id=\"62fbb41\" data-element_type=\"widget\" data-widget_type=\"html.default\">\n\t\t\t\t<div class=\"elementor-widget-container\">\n\t\t\t<iframe src=\"https:\/\/www.google.com\/maps\/embed?pb=!1m18!1m12!1m3!1d301088.2815584842!2d-74.24427082724088!3d45.40819659990708!2m3!1f0!2f0!3f0!3m2!1i1024!2i768!4f13.1!3m3!1m2!1s0x4cc935376a3a1027%3A0x3e267268ce517544!2zTWFyeSBKYW5l4oCZcw!5e0!3m2!1sen!2sus!4v1617769758650!5m2!1sen!2sus\" width=\"600\" height=\"450\" style=\"border:0;\" allowfullscreen=\"\" loading=\"lazy\"><\/iframe>\t\t<\/div>\n\t\t\t\t<\/div>\n\t\t\t\t\t<\/div>\n\t\t<\/div>\n\t\t\t\t\t\t\t<\/div>\n\t\t<\/section>\n\t\t\t\t\t\t\t<\/div>\n\t\t","protected":false},"excerpt":{"rendered":"<p>Contactez-nous Nous serions ravis d\u2019avoir de vos nouvelles. Que vous soyez un utilisateur exp\u00e9riment\u00e9 de cannabis ou un d\u00e9butant absolu, nous voulons que vous vous sentiez chez vous chez Mary Jane\u2019s. Notre \u00e9quipe est compos\u00e9e de professionnels locaux du cannabis poss\u00e9dant une connaissance approfondie de l\u2019utilisation m\u00e9dicale et r\u00e9cr\u00e9ative du cannabis, ainsi que des marques [&hellip;]<\/p>\n","protected":false},"author":2,"featured_media":0,"parent":0,"menu_order":0,"comment_status":"closed","ping_status":"closed","template":"","meta":{"_acf_changed":false,"footnotes":""},"class_list":["post-5401","page","type-page","status-publish","hentry"],"acf":[],"yoast_head":"<!-- This site is optimized with the Yoast SEO plugin v21.7 - https:\/\/yoast.com\/wordpress\/plugins\/seo\/ -->\n<title>Contactez-nous - Oka&#039;s Marijuana Dispensary - Mary Jane&#039;s<\/title>\n<meta name=\"robots\" content=\"index, follow, max-snippet:-1, max-image-preview:large, max-video-preview:-1\" \/>\n<link rel=\"canonical\" href=\"https:\/\/maryjanesoka.com\/fr\/contactez-nous\/\" \/>\n<meta property=\"og:locale\" content=\"fr_FR\" \/>\n<meta property=\"og:type\" content=\"article\" \/>\n<meta property=\"og:title\" content=\"Contactez-nous - Oka&#039;s Marijuana Dispensary - Mary Jane&#039;s\" \/>\n<meta property=\"og:description\" content=\"Contactez-nous Nous serions ravis d\u2019avoir de vos nouvelles. Que vous soyez un utilisateur exp\u00e9riment\u00e9 de cannabis ou un d\u00e9butant absolu, nous voulons que vous vous sentiez chez vous chez Mary Jane\u2019s. Notre \u00e9quipe est compos\u00e9e de professionnels locaux du cannabis poss\u00e9dant une connaissance approfondie de l\u2019utilisation m\u00e9dicale et r\u00e9cr\u00e9ative du cannabis, ainsi que des marques [&hellip;]\" \/>\n<meta property=\"og:url\" content=\"https:\/\/maryjanesoka.com\/fr\/contactez-nous\/\" \/>\n<meta property=\"og:site_name\" content=\"Oka&#039;s Marijuana Dispensary - Mary Jane&#039;s\" \/>\n<meta property=\"article:modified_time\" content=\"2025-07-15T23:02:18+00:00\" \/>\n<meta name=\"twitter:card\" content=\"summary_large_image\" \/>\n<meta name=\"twitter:label1\" content=\"Dur\u00e9e de lecture estim\u00e9e\" \/>\n\t<meta name=\"twitter:data1\" content=\"1 minute\" \/>\n<script type=\"application\/ld+json\" class=\"yoast-schema-graph\">{\"@context\":\"https:\/\/schema.org\",\"@graph\":[{\"@type\":\"WebPage\",\"@id\":\"https:\/\/maryjanesoka.com\/fr\/contactez-nous\/\",\"url\":\"https:\/\/maryjanesoka.com\/fr\/contactez-nous\/\",\"name\":\"Contactez-nous - Oka&#039;s Marijuana Dispensary - Mary Jane&#039;s\",\"isPartOf\":{\"@id\":\"https:\/\/maryjanesoka.com\/fr\/#website\"},\"datePublished\":\"2021-03-21T21:45:07+00:00\",\"dateModified\":\"2025-07-15T23:02:18+00:00\",\"breadcrumb\":{\"@id\":\"https:\/\/maryjanesoka.com\/fr\/contactez-nous\/#breadcrumb\"},\"inLanguage\":\"fr-FR\",\"potentialAction\":[{\"@type\":\"ReadAction\",\"target\":[\"https:\/\/maryjanesoka.com\/fr\/contactez-nous\/\"]}]},{\"@type\":\"BreadcrumbList\",\"@id\":\"https:\/\/maryjanesoka.com\/fr\/contactez-nous\/#breadcrumb\",\"itemListElement\":[{\"@type\":\"ListItem\",\"position\":1,\"name\":\"Home\",\"item\":\"https:\/\/maryjanesoka.com\/fr\/le-dispensaire-de-marijuana-doka\/\"},{\"@type\":\"ListItem\",\"position\":2,\"name\":\"Contactez-nous\"}]},{\"@type\":\"WebSite\",\"@id\":\"https:\/\/maryjanesoka.com\/fr\/#website\",\"url\":\"https:\/\/maryjanesoka.com\/fr\/\",\"name\":\"Oka&#039;s Marijuana Dispensary - Mary Jane&#039;s\",\"description\":\"Oka\u2019s Premier Medicinal &amp; Recreational Dispensary\",\"publisher\":{\"@id\":\"https:\/\/maryjanesoka.com\/fr\/#organization\"},\"potentialAction\":[{\"@type\":\"SearchAction\",\"target\":{\"@type\":\"EntryPoint\",\"urlTemplate\":\"https:\/\/maryjanesoka.com\/fr\/?s={search_term_string}\"},\"query-input\":\"required name=search_term_string\"}],\"inLanguage\":\"fr-FR\"},{\"@type\":\"Organization\",\"@id\":\"https:\/\/maryjanesoka.com\/fr\/#organization\",\"name\":\"Oka&#039;s Marijuana Dispensary - Mary Jane&#039;s\",\"url\":\"https:\/\/maryjanesoka.com\/fr\/\",\"logo\":{\"@type\":\"ImageObject\",\"inLanguage\":\"fr-FR\",\"@id\":\"https:\/\/maryjanesoka.com\/fr\/#\/schema\/logo\/image\/\",\"url\":\"https:\/\/maryjanesoka.com\/wp-content\/uploads\/2021\/03\/cropped-734100_MJOkaLogo_Black_1_060420.png\",\"contentUrl\":\"https:\/\/maryjanesoka.com\/wp-content\/uploads\/2021\/03\/cropped-734100_MJOkaLogo_Black_1_060420.png\",\"width\":3000,\"height\":1380,\"caption\":\"Oka&#039;s Marijuana Dispensary - Mary Jane&#039;s\"},\"image\":{\"@id\":\"https:\/\/maryjanesoka.com\/fr\/#\/schema\/logo\/image\/\"}}]}<\/script>\n<!-- \/ Yoast SEO plugin. -->","yoast_head_json":{"title":"Contactez-nous - Oka&#039;s Marijuana Dispensary - Mary Jane&#039;s","robots":{"index":"index","follow":"follow","max-snippet":"max-snippet:-1","max-image-preview":"max-image-preview:large","max-video-preview":"max-video-preview:-1"},"canonical":"https:\/\/maryjanesoka.com\/fr\/contactez-nous\/","og_locale":"fr_FR","og_type":"article","og_title":"Contactez-nous - Oka&#039;s Marijuana Dispensary - Mary Jane&#039;s","og_description":"Contactez-nous Nous serions ravis d\u2019avoir de vos nouvelles. Que vous soyez un utilisateur exp\u00e9riment\u00e9 de cannabis ou un d\u00e9butant absolu, nous voulons que vous vous sentiez chez vous chez Mary Jane\u2019s. Notre \u00e9quipe est compos\u00e9e de professionnels locaux du cannabis poss\u00e9dant une connaissance approfondie de l\u2019utilisation m\u00e9dicale et r\u00e9cr\u00e9ative du cannabis, ainsi que des marques [&hellip;]","og_url":"https:\/\/maryjanesoka.com\/fr\/contactez-nous\/","og_site_name":"Oka&#039;s Marijuana Dispensary - Mary Jane&#039;s","article_modified_time":"2025-07-15T23:02:18+00:00","twitter_card":"summary_large_image","twitter_misc":{"Dur\u00e9e de lecture estim\u00e9e":"1 minute"},"schema":{"@context":"https:\/\/schema.org","@graph":[{"@type":"WebPage","@id":"https:\/\/maryjanesoka.com\/fr\/contactez-nous\/","url":"https:\/\/maryjanesoka.com\/fr\/contactez-nous\/","name":"Contactez-nous - Oka&#039;s Marijuana Dispensary - Mary Jane&#039;s","isPartOf":{"@id":"https:\/\/maryjanesoka.com\/fr\/#website"},"datePublished":"2021-03-21T21:45:07+00:00","dateModified":"2025-07-15T23:02:18+00:00","breadcrumb":{"@id":"https:\/\/maryjanesoka.com\/fr\/contactez-nous\/#breadcrumb"},"inLanguage":"fr-FR","potentialAction":[{"@type":"ReadAction","target":["https:\/\/maryjanesoka.com\/fr\/contactez-nous\/"]}]},{"@type":"BreadcrumbList","@id":"https:\/\/maryjanesoka.com\/fr\/contactez-nous\/#breadcrumb","itemListElement":[{"@type":"ListItem","position":1,"name":"Home","item":"https:\/\/maryjanesoka.com\/fr\/le-dispensaire-de-marijuana-doka\/"},{"@type":"ListItem","position":2,"name":"Contactez-nous"}]},{"@type":"WebSite","@id":"https:\/\/maryjanesoka.com\/fr\/#website","url":"https:\/\/maryjanesoka.com\/fr\/","name":"Oka&#039;s Marijuana Dispensary - Mary Jane&#039;s","description":"Oka\u2019s Premier Medicinal &amp; Recreational Dispensary","publisher":{"@id":"https:\/\/maryjanesoka.com\/fr\/#organization"},"potentialAction":[{"@type":"SearchAction","target":{"@type":"EntryPoint","urlTemplate":"https:\/\/maryjanesoka.com\/fr\/?s={search_term_string}"},"query-input":"required name=search_term_string"}],"inLanguage":"fr-FR"},{"@type":"Organization","@id":"https:\/\/maryjanesoka.com\/fr\/#organization","name":"Oka&#039;s Marijuana Dispensary - Mary Jane&#039;s","url":"https:\/\/maryjanesoka.com\/fr\/","logo":{"@type":"ImageObject","inLanguage":"fr-FR","@id":"https:\/\/maryjanesoka.com\/fr\/#\/schema\/logo\/image\/","url":"https:\/\/maryjanesoka.com\/wp-content\/uploads\/2021\/03\/cropped-734100_MJOkaLogo_Black_1_060420.png","contentUrl":"https:\/\/maryjanesoka.com\/wp-content\/uploads\/2021\/03\/cropped-734100_MJOkaLogo_Black_1_060420.png","width":3000,"height":1380,"caption":"Oka&#039;s Marijuana Dispensary - Mary Jane&#039;s"},"image":{"@id":"https:\/\/maryjanesoka.com\/fr\/#\/schema\/logo\/image\/"}}]}},"_links":{"self":[{"href":"https:\/\/maryjanesoka.com\/fr\/wp-json\/wp\/v2\/pages\/5401","targetHints":{"allow":["GET"]}}],"collection":[{"href":"https:\/\/maryjanesoka.com\/fr\/wp-json\/wp\/v2\/pages"}],"about":[{"href":"https:\/\/maryjanesoka.com\/fr\/wp-json\/wp\/v2\/types\/page"}],"author":[{"embeddable":true,"href":"https:\/\/maryjanesoka.com\/fr\/wp-json\/wp\/v2\/users\/2"}],"replies":[{"embeddable":true,"href":"https:\/\/maryjanesoka.com\/fr\/wp-json\/wp\/v2\/comments?post=5401"}],"version-history":[{"count":3,"href":"https:\/\/maryjanesoka.com\/fr\/wp-json\/wp\/v2\/pages\/5401\/revisions"}],"predecessor-version":[{"id":7549,"href":"https:\/\/maryjanesoka.com\/fr\/wp-json\/wp\/v2\/pages\/5401\/revisions\/7549"}],"wp:attachment":[{"href":"https:\/\/maryjanesoka.com\/fr\/wp-json\/wp\/v2\/media?parent=5401"}],"curies":[{"name":"wp","href":"https:\/\/api.w.org\/{rel}","templated":true}]}}