{"id":5405,"date":"2021-03-21T21:45:59","date_gmt":"2021-03-21T21:45:59","guid":{"rendered":"https:\/\/maryjanesoka.com\/politique-de-confidentialite\/"},"modified":"2024-12-06T19:27:06","modified_gmt":"2024-12-06T19:27:06","slug":"politique-de-confidentialite","status":"publish","type":"page","link":"https:\/\/maryjanesoka.com\/fr\/politique-de-confidentialite\/","title":{"rendered":"Politique de confidentialit\u00e9"},"content":{"rendered":"\t\t<div data-elementor-type=\"wp-page\" data-elementor-id=\"5405\" class=\"elementor elementor-5405 elementor-21\" data-elementor-post-type=\"page\">\n\t\t\t\t\t\t\t\t\t<section class=\"elementor-section elementor-top-section elementor-element elementor-element-8c1b7fc elementor-section-boxed elementor-section-height-default elementor-section-height-default\" data-id=\"8c1b7fc\" data-element_type=\"section\">\n\t\t\t\t\t\t<div class=\"elementor-container elementor-column-gap-default\">\n\t\t\t\t\t<div class=\"elementor-column elementor-col-100 elementor-top-column elementor-element elementor-element-232c2e9b\" data-id=\"232c2e9b\" data-element_type=\"column\">\n\t\t\t<div class=\"elementor-widget-wrap elementor-element-populated\">\n\t\t\t\t\t\t\t\t<div class=\"elementor-element elementor-element-cc5e978 elementor-widget elementor-widget-heading\" data-id=\"cc5e978\" data-element_type=\"widget\" data-widget_type=\"heading.default\">\n\t\t\t\t<div class=\"elementor-widget-container\">\n\t\t\t<h2 class=\"elementor-heading-title elementor-size-default\">Bienvenue dans notre politique de confidentialit\u00e9<\/h2>\t\t<\/div>\n\t\t\t\t<\/div>\n\t\t\t\t<div class=\"elementor-element elementor-element-3962f04a elementor-widget elementor-widget-text-editor\" data-id=\"3962f04a\" data-element_type=\"widget\" data-widget_type=\"text-editor.default\">\n\t\t\t\t<div class=\"elementor-widget-container\">\n\t\t\t\t\t\t\t<h3>Votre confidentialit\u00e9 est extr\u00eamement importante pour nous.<\/h3>\n<p><strong>Mary Jane\u2019s Oka est situ\u00e9 \u00e0 :<\/strong><\/p>\n<p>Mary Jane\u2019s Oka<br \/>441 Rue St-Michel Oka<br \/>J0N 1E0 \u2013 Quebec, Canada<br \/>4504798261<\/p>\n<p>Il est de la politique de Mary Jane\u2019s Oka de respecter votre vie priv\u00e9e en ce qui concerne toute information que nous pourrions collecter lors de l&rsquo;exploitation de notre site web. Cette politique de confidentialit\u00e9 s&rsquo;applique \u00e0 https:\/\/maryjanesoka.com (ci-apr\u00e8s, \u00ab nous \u00bb, \u00ab notre \u00bb ou \u00ab https:\/\/maryjanesoka.com \u00bb). Nous respectons votre vie priv\u00e9e et nous nous engageons \u00e0 prot\u00e9ger les informations personnellement identifiables que vous pourriez nous fournir via le site Web. Nous avons adopt\u00e9 cette politique de confidentialit\u00e9 (\u00ab Politique de confidentialit\u00e9 \u00bb) pour expliquer quelles informations peuvent \u00eatre collect\u00e9es sur notre site Web, comment nous utilisons ces informations et dans quelles circonstances nous pouvons divulguer ces informations \u00e0 des tiers. Cette politique de confidentialit\u00e9 s&rsquo;applique uniquement aux informations collect\u00e9es via le site Web et ne s&rsquo;applique pas \u00e0 notre collecte d&rsquo;informations provenant d&rsquo;autres sources.    <\/p>\n<p>Cette politique de confidentialit\u00e9, ainsi que les termes et conditions publi\u00e9s sur notre site Web, \u00e9tablissent les r\u00e8gles et politiques g\u00e9n\u00e9rales r\u00e9gissant votre utilisation de notre site Web. En fonction de vos activit\u00e9s lors de la visite de notre site Web, il se peut que vous soyez amen\u00e9 \u00e0 accepter des termes et conditions suppl\u00e9mentaires. <\/p>\n<h3>Visiteurs du site Web<\/h3>\n<p>Comme la plupart des op\u00e9rateurs de sites Web, Mary Jane\u2019s Oka collecte des informations non personnellement identifiantes du type que les navigateurs Web et les serveurs rendent g\u00e9n\u00e9ralement disponibles, telles que le type de navigateur, les pr\u00e9f\u00e9rences linguistiques, le site r\u00e9f\u00e9rent et la date et l&rsquo;heure de chaque demande de visiteur. L&rsquo;objectif de Mary Jane\u2019s Oka en collectant ces informations non personnelles est de mieux comprendre comment les visiteurs de Mary Jane\u2019s Oka utilisent son site Web. De temps en temps, Mary Jane\u2019s Oka peut divulguer ces informations non personnellement identifiantes de mani\u00e8re agr\u00e9g\u00e9e, par exemple, en publiant un rapport sur les tendances d&rsquo;utilisation de son site Web.  <\/p>\n<p>Mary Jane\u2019s Oka collecte \u00e9galement des informations potentiellement personnellement identifiantes, comme les adresses IP, pour les utilisateurs connect\u00e9s et pour les utilisateurs qui laissent des commentaires sur les articles du blog de https:\/\/maryjanesoka.com. Mary Jane\u2019s Oka ne divulgue les adresses IP des utilisateurs connect\u00e9s et des commentateurs que dans les m\u00eames circonstances o\u00f9 elle utilise et divulgue des informations personnellement identifiantes comme d\u00e9crit ci-dessous. <\/p>\n<h3>Collecte d&rsquo;informations personnellement identifiantes<\/h3>\n<p>Certains visiteurs des sites Web de Mary Jane\u2019s Oka choisissent d&rsquo;interagir avec Mary Jane\u2019s Oka d&rsquo;une mani\u00e8re qui oblige Mary Jane\u2019s Oka \u00e0 recueillir des informations personnellement identifiantes. La quantit\u00e9 et le type d&rsquo;informations collect\u00e9es d\u00e9pendent de la nature de l&rsquo;interaction. Par exemple, nous demandons aux visiteurs qui s&rsquo;inscrivent \u00e0 un blog sur https:\/\/maryjanesoka.com de fournir un nom d&rsquo;utilisateur et une adresse e-mail.  <\/p>\n<h3>S\u00e9curit\u00e9<\/h3>\n<p>La s\u00e9curit\u00e9 de vos informations personnelles est importante pour nous, mais rappelez-vous qu&rsquo;aucune m\u00e9thode de transmission sur Internet ou m\u00e9thode de stockage \u00e9lectronique n&rsquo;est 100 % s\u00e9curis\u00e9e. Bien que nous nous efforcions d&rsquo;utiliser des moyens commercialement acceptables pour prot\u00e9ger vos informations personnelles, nous ne pouvons garantir leur s\u00e9curit\u00e9 absolue. <\/p>\n<h3>Publicit\u00e9s<\/h3>\n<p>Les publicit\u00e9s apparaissant sur notre site Web peuvent \u00eatre livr\u00e9es aux utilisateurs par des partenaires publicitaires, qui peuvent d\u00e9finir des cookies. Ces cookies permettent au serveur de publicit\u00e9 de reconna\u00eetre votre ordinateur chaque fois qu&rsquo;il vous envoie une annonce en ligne, afin de compiler des informations sur vous ou d&rsquo;autres personnes qui utilisent votre ordinateur. Ces informations permettent aux r\u00e9seaux publicitaires de livrer des publicit\u00e9s cibl\u00e9es qu&rsquo;ils croient \u00eatre les plus susceptibles de vous int\u00e9resser. Cette politique de confidentialit\u00e9 couvre l&rsquo;utilisation des cookies par Mary Jane\u2019s Oka, mais ne couvre pas l&rsquo;utilisation des cookies par les annonceurs.   <\/p>\n<h3>Liens vers des sites externes<\/h3>\n<p>Notre service peut contenir des liens vers des sites externes qui ne sont pas op\u00e9r\u00e9s par nous. Si vous cliquez sur un lien tiers, vous serez dirig\u00e9 vers le site de ce tiers. Nous vous conseillons vivement de revoir la politique de confidentialit\u00e9 et les termes et conditions de chaque site que vous visitez.  <\/p>\n<p>Nous n&rsquo;avons aucun contr\u00f4le sur, et n&rsquo;assumons aucune responsabilit\u00e9 pour le contenu, les politiques de confidentialit\u00e9 ou les pratiques des sites tiers, produits ou services.<\/p>\n<h3>Statistiques agr\u00e9g\u00e9es<\/h3>\n<p>Mary Jane\u2019s Oka peut collecter des statistiques sur le comportement des visiteurs de son site Web. Mary Jane\u2019s Oka peut afficher cette information publiquement ou la fournir \u00e0 d&rsquo;autres. Cependant, Mary Jane\u2019s Oka ne divulgue pas vos informations personnellement identifiantes.  <\/p>\n<h3>Cookies<\/h3>\n<p>Afin d&rsquo;enrichir et d&rsquo;am\u00e9liorer votre exp\u00e9rience en ligne, Mary Jane\u2019s Oka utilise des \u00ab cookies \u00bb, des technologies similaires et des services fournis par d&rsquo;autres pour afficher du contenu personnalis\u00e9, des publicit\u00e9s appropri\u00e9es et enregistrer vos pr\u00e9f\u00e9rences sur votre ordinateur.<\/p>\n<p>Un cookie est une cha\u00eene d&rsquo;informations qu&rsquo;un site web stocke sur l&rsquo;ordinateur d&rsquo;un visiteur et que le navigateur du visiteur fournit au site web \u00e0 chaque fois que le visiteur revient. Mary Jane&rsquo;s Oka utilise des cookies pour aider Mary Jane&rsquo;s Oka \u00e0 identifier et \u00e0 suivre les visiteurs, leur utilisation de https:\/\/maryjanesoka.com et leurs pr\u00e9f\u00e9rences d&rsquo;acc\u00e8s au site Web. Les visiteurs de Mary Jane&rsquo;s Oka qui ne souhaitent pas que des cookies soient plac\u00e9s sur leur ordinateur doivent configurer leur navigateur de mani\u00e8re \u00e0 refuser les cookies avant d&rsquo;utiliser les sites web de Mary Jane&rsquo;s Oka, avec l&rsquo;inconv\u00e9nient que certaines fonctions des sites web de Mary Jane&rsquo;s Oka peuvent ne pas fonctionner correctement sans l&rsquo;aide des cookies.<\/p>\n<p>En continuant \u00e0 naviguer sur notre site web sans modifier vos param\u00e8tres de cookies, vous reconnaissez et acceptez par la pr\u00e9sente l&rsquo;utilisation de cookies par Mary Jane&rsquo;s Oka.<\/p>\n<h3>Modifications de la politique de confidentialit\u00e9<\/h3>\n<p>Bien que la plupart des changements soient probablement mineurs, Mary Jane&rsquo;s Oka peut modifier sa politique de confidentialit\u00e9 de temps \u00e0 autre et \u00e0 la seule discr\u00e9tion de Mary Jane&rsquo;s Oka. Mary Jane&rsquo;s Oka encourage les visiteurs \u00e0 consulter fr\u00e9quemment cette page pour prendre connaissance de toute modification apport\u00e9e \u00e0 sa politique de confidentialit\u00e9.  En continuant \u00e0 utiliser ce site apr\u00e8s toute modification de la pr\u00e9sente politique de confidentialit\u00e9, vous acceptez cette modification.<\/p>\n<h3>Informations sur le contact<\/h3>\n<p>Si vous avez des questions concernant la pr\u00e9sente politique de confidentialit\u00e9, veuillez nous contacter par courrier \u00e9lectronique ou par t\u00e9l\u00e9phone.<\/p>\n\t\t\t\t\t\t<\/div>\n\t\t\t\t<\/div>\n\t\t\t\t\t<\/div>\n\t\t<\/div>\n\t\t\t\t\t\t\t<\/div>\n\t\t<\/section>\n\t\t\t\t\t\t\t<\/div>\n\t\t","protected":false},"excerpt":{"rendered":"<p>Bienvenue dans notre politique de confidentialit\u00e9 Votre confidentialit\u00e9 est extr\u00eamement importante pour nous. Mary Jane\u2019s Oka est situ\u00e9 \u00e0 : Mary Jane\u2019s Oka441 Rue St-Michel OkaJ0N 1E0 \u2013 Quebec, Canada4504798261 Il est de la politique de Mary Jane\u2019s Oka de respecter votre vie priv\u00e9e en ce qui concerne toute information que nous pourrions collecter lors [&hellip;]<\/p>\n","protected":false},"author":2,"featured_media":0,"parent":0,"menu_order":0,"comment_status":"closed","ping_status":"closed","template":"","meta":{"_acf_changed":false,"footnotes":""},"class_list":["post-5405","page","type-page","status-publish","hentry"],"acf":[],"yoast_head":"<!-- This site is optimized with the Yoast SEO plugin v21.7 - https:\/\/yoast.com\/wordpress\/plugins\/seo\/ -->\n<title>Politique de confidentialit\u00e9 - Oka&#039;s Marijuana Dispensary - Mary Jane&#039;s<\/title>\n<meta name=\"robots\" content=\"index, follow, max-snippet:-1, max-image-preview:large, max-video-preview:-1\" \/>\n<link rel=\"canonical\" href=\"https:\/\/maryjanesoka.com\/fr\/politique-de-confidentialite\/\" \/>\n<meta property=\"og:locale\" content=\"fr_FR\" \/>\n<meta property=\"og:type\" content=\"article\" \/>\n<meta property=\"og:title\" content=\"Politique de confidentialit\u00e9 - Oka&#039;s Marijuana Dispensary - Mary Jane&#039;s\" \/>\n<meta property=\"og:description\" content=\"Bienvenue dans notre politique de confidentialit\u00e9 Votre confidentialit\u00e9 est extr\u00eamement importante pour nous. Mary Jane\u2019s Oka est situ\u00e9 \u00e0 : Mary Jane\u2019s Oka441 Rue St-Michel OkaJ0N 1E0 \u2013 Quebec, Canada4504798261 Il est de la politique de Mary Jane\u2019s Oka de respecter votre vie priv\u00e9e en ce qui concerne toute information que nous pourrions collecter lors [&hellip;]\" \/>\n<meta property=\"og:url\" content=\"https:\/\/maryjanesoka.com\/fr\/politique-de-confidentialite\/\" \/>\n<meta property=\"og:site_name\" content=\"Oka&#039;s Marijuana Dispensary - Mary Jane&#039;s\" \/>\n<meta property=\"article:modified_time\" content=\"2024-12-06T19:27:06+00:00\" \/>\n<meta name=\"twitter:card\" content=\"summary_large_image\" \/>\n<meta name=\"twitter:label1\" content=\"Dur\u00e9e de lecture estim\u00e9e\" \/>\n\t<meta name=\"twitter:data1\" content=\"6 minutes\" \/>\n<script type=\"application\/ld+json\" class=\"yoast-schema-graph\">{\"@context\":\"https:\/\/schema.org\",\"@graph\":[{\"@type\":\"WebPage\",\"@id\":\"https:\/\/maryjanesoka.com\/fr\/politique-de-confidentialite\/\",\"url\":\"https:\/\/maryjanesoka.com\/fr\/politique-de-confidentialite\/\",\"name\":\"Politique de confidentialit\u00e9 - Oka&#039;s Marijuana Dispensary - Mary Jane&#039;s\",\"isPartOf\":{\"@id\":\"https:\/\/maryjanesoka.com\/fr\/#website\"},\"datePublished\":\"2021-03-21T21:45:59+00:00\",\"dateModified\":\"2024-12-06T19:27:06+00:00\",\"breadcrumb\":{\"@id\":\"https:\/\/maryjanesoka.com\/fr\/politique-de-confidentialite\/#breadcrumb\"},\"inLanguage\":\"fr-FR\",\"potentialAction\":[{\"@type\":\"ReadAction\",\"target\":[\"https:\/\/maryjanesoka.com\/fr\/politique-de-confidentialite\/\"]}]},{\"@type\":\"BreadcrumbList\",\"@id\":\"https:\/\/maryjanesoka.com\/fr\/politique-de-confidentialite\/#breadcrumb\",\"itemListElement\":[{\"@type\":\"ListItem\",\"position\":1,\"name\":\"Home\",\"item\":\"https:\/\/maryjanesoka.com\/fr\/le-dispensaire-de-marijuana-doka\/\"},{\"@type\":\"ListItem\",\"position\":2,\"name\":\"Politique de confidentialit\u00e9\"}]},{\"@type\":\"WebSite\",\"@id\":\"https:\/\/maryjanesoka.com\/fr\/#website\",\"url\":\"https:\/\/maryjanesoka.com\/fr\/\",\"name\":\"Oka&#039;s Marijuana Dispensary - Mary Jane&#039;s\",\"description\":\"Oka\u2019s Premier Medicinal &amp; Recreational Dispensary\",\"publisher\":{\"@id\":\"https:\/\/maryjanesoka.com\/fr\/#organization\"},\"potentialAction\":[{\"@type\":\"SearchAction\",\"target\":{\"@type\":\"EntryPoint\",\"urlTemplate\":\"https:\/\/maryjanesoka.com\/fr\/?s={search_term_string}\"},\"query-input\":\"required name=search_term_string\"}],\"inLanguage\":\"fr-FR\"},{\"@type\":\"Organization\",\"@id\":\"https:\/\/maryjanesoka.com\/fr\/#organization\",\"name\":\"Oka&#039;s Marijuana Dispensary - Mary Jane&#039;s\",\"url\":\"https:\/\/maryjanesoka.com\/fr\/\",\"logo\":{\"@type\":\"ImageObject\",\"inLanguage\":\"fr-FR\",\"@id\":\"https:\/\/maryjanesoka.com\/fr\/#\/schema\/logo\/image\/\",\"url\":\"https:\/\/maryjanesoka.com\/wp-content\/uploads\/2021\/03\/cropped-734100_MJOkaLogo_Black_1_060420.png\",\"contentUrl\":\"https:\/\/maryjanesoka.com\/wp-content\/uploads\/2021\/03\/cropped-734100_MJOkaLogo_Black_1_060420.png\",\"width\":3000,\"height\":1380,\"caption\":\"Oka&#039;s Marijuana Dispensary - Mary Jane&#039;s\"},\"image\":{\"@id\":\"https:\/\/maryjanesoka.com\/fr\/#\/schema\/logo\/image\/\"}}]}<\/script>\n<!-- \/ Yoast SEO plugin. -->","yoast_head_json":{"title":"Politique de confidentialit\u00e9 - Oka&#039;s Marijuana Dispensary - Mary Jane&#039;s","robots":{"index":"index","follow":"follow","max-snippet":"max-snippet:-1","max-image-preview":"max-image-preview:large","max-video-preview":"max-video-preview:-1"},"canonical":"https:\/\/maryjanesoka.com\/fr\/politique-de-confidentialite\/","og_locale":"fr_FR","og_type":"article","og_title":"Politique de confidentialit\u00e9 - Oka&#039;s Marijuana Dispensary - Mary Jane&#039;s","og_description":"Bienvenue dans notre politique de confidentialit\u00e9 Votre confidentialit\u00e9 est extr\u00eamement importante pour nous. Mary Jane\u2019s Oka est situ\u00e9 \u00e0 : Mary Jane\u2019s Oka441 Rue St-Michel OkaJ0N 1E0 \u2013 Quebec, Canada4504798261 Il est de la politique de Mary Jane\u2019s Oka de respecter votre vie priv\u00e9e en ce qui concerne toute information que nous pourrions collecter lors [&hellip;]","og_url":"https:\/\/maryjanesoka.com\/fr\/politique-de-confidentialite\/","og_site_name":"Oka&#039;s Marijuana Dispensary - Mary Jane&#039;s","article_modified_time":"2024-12-06T19:27:06+00:00","twitter_card":"summary_large_image","twitter_misc":{"Dur\u00e9e de lecture estim\u00e9e":"6 minutes"},"schema":{"@context":"https:\/\/schema.org","@graph":[{"@type":"WebPage","@id":"https:\/\/maryjanesoka.com\/fr\/politique-de-confidentialite\/","url":"https:\/\/maryjanesoka.com\/fr\/politique-de-confidentialite\/","name":"Politique de confidentialit\u00e9 - Oka&#039;s Marijuana Dispensary - Mary Jane&#039;s","isPartOf":{"@id":"https:\/\/maryjanesoka.com\/fr\/#website"},"datePublished":"2021-03-21T21:45:59+00:00","dateModified":"2024-12-06T19:27:06+00:00","breadcrumb":{"@id":"https:\/\/maryjanesoka.com\/fr\/politique-de-confidentialite\/#breadcrumb"},"inLanguage":"fr-FR","potentialAction":[{"@type":"ReadAction","target":["https:\/\/maryjanesoka.com\/fr\/politique-de-confidentialite\/"]}]},{"@type":"BreadcrumbList","@id":"https:\/\/maryjanesoka.com\/fr\/politique-de-confidentialite\/#breadcrumb","itemListElement":[{"@type":"ListItem","position":1,"name":"Home","item":"https:\/\/maryjanesoka.com\/fr\/le-dispensaire-de-marijuana-doka\/"},{"@type":"ListItem","position":2,"name":"Politique de confidentialit\u00e9"}]},{"@type":"WebSite","@id":"https:\/\/maryjanesoka.com\/fr\/#website","url":"https:\/\/maryjanesoka.com\/fr\/","name":"Oka&#039;s Marijuana Dispensary - Mary Jane&#039;s","description":"Oka\u2019s Premier Medicinal &amp; Recreational Dispensary","publisher":{"@id":"https:\/\/maryjanesoka.com\/fr\/#organization"},"potentialAction":[{"@type":"SearchAction","target":{"@type":"EntryPoint","urlTemplate":"https:\/\/maryjanesoka.com\/fr\/?s={search_term_string}"},"query-input":"required name=search_term_string"}],"inLanguage":"fr-FR"},{"@type":"Organization","@id":"https:\/\/maryjanesoka.com\/fr\/#organization","name":"Oka&#039;s Marijuana Dispensary - Mary Jane&#039;s","url":"https:\/\/maryjanesoka.com\/fr\/","logo":{"@type":"ImageObject","inLanguage":"fr-FR","@id":"https:\/\/maryjanesoka.com\/fr\/#\/schema\/logo\/image\/","url":"https:\/\/maryjanesoka.com\/wp-content\/uploads\/2021\/03\/cropped-734100_MJOkaLogo_Black_1_060420.png","contentUrl":"https:\/\/maryjanesoka.com\/wp-content\/uploads\/2021\/03\/cropped-734100_MJOkaLogo_Black_1_060420.png","width":3000,"height":1380,"caption":"Oka&#039;s Marijuana Dispensary - Mary Jane&#039;s"},"image":{"@id":"https:\/\/maryjanesoka.com\/fr\/#\/schema\/logo\/image\/"}}]}},"_links":{"self":[{"href":"https:\/\/maryjanesoka.com\/fr\/wp-json\/wp\/v2\/pages\/5405","targetHints":{"allow":["GET"]}}],"collection":[{"href":"https:\/\/maryjanesoka.com\/fr\/wp-json\/wp\/v2\/pages"}],"about":[{"href":"https:\/\/maryjanesoka.com\/fr\/wp-json\/wp\/v2\/types\/page"}],"author":[{"embeddable":true,"href":"https:\/\/maryjanesoka.com\/fr\/wp-json\/wp\/v2\/users\/2"}],"replies":[{"embeddable":true,"href":"https:\/\/maryjanesoka.com\/fr\/wp-json\/wp\/v2\/comments?post=5405"}],"version-history":[{"count":1,"href":"https:\/\/maryjanesoka.com\/fr\/wp-json\/wp\/v2\/pages\/5405\/revisions"}],"predecessor-version":[{"id":5406,"href":"https:\/\/maryjanesoka.com\/fr\/wp-json\/wp\/v2\/pages\/5405\/revisions\/5406"}],"wp:attachment":[{"href":"https:\/\/maryjanesoka.com\/fr\/wp-json\/wp\/v2\/media?parent=5405"}],"curies":[{"name":"wp","href":"https:\/\/api.w.org\/{rel}","templated":true}]}}