{"id":5415,"date":"2022-05-02T19:50:38","date_gmt":"2022-05-02T19:50:38","guid":{"rendered":"https:\/\/maryjanesoka.com\/programme-vip\/"},"modified":"2024-12-06T19:48:10","modified_gmt":"2024-12-06T19:48:10","slug":"programme-vip","status":"publish","type":"page","link":"https:\/\/maryjanesoka.com\/fr\/programme-vip\/","title":{"rendered":"Programme VIP"},"content":{"rendered":"\t\t<div data-elementor-type=\"wp-page\" data-elementor-id=\"5415\" class=\"elementor elementor-5415 elementor-964\" data-elementor-post-type=\"page\">\n\t\t\t\t\t\t\t\t\t<section class=\"elementor-section elementor-top-section elementor-element elementor-element-4ba06b5e elementor-section-full_width elementor-section-height-default elementor-section-height-default\" data-id=\"4ba06b5e\" data-element_type=\"section\" data-settings=\"{&quot;background_background&quot;:&quot;classic&quot;}\">\n\t\t\t\t\t\t<div class=\"elementor-container elementor-column-gap-default\">\n\t\t\t\t\t<div class=\"elementor-column elementor-col-50 elementor-top-column elementor-element elementor-element-d6e5acc\" data-id=\"d6e5acc\" data-element_type=\"column\">\n\t\t\t<div class=\"elementor-widget-wrap elementor-element-populated\">\n\t\t\t\t\t\t\t\t<div class=\"elementor-element elementor-element-6d4fb62 elementor-widget elementor-widget-image\" data-id=\"6d4fb62\" data-element_type=\"widget\" data-widget_type=\"image.default\">\n\t\t\t\t<div class=\"elementor-widget-container\">\n\t\t\t\t\t\t\t\t\t\t\t\t\t\t\t<img fetchpriority=\"high\" decoding=\"async\" width=\"800\" height=\"800\" src=\"https:\/\/maryjanesoka.com\/wp-content\/uploads\/2022\/05\/VIP-1024x1024.jpg\" class=\"attachment-large size-large wp-image-972\" alt=\"\" srcset=\"https:\/\/maryjanesoka.com\/wp-content\/uploads\/2022\/05\/VIP-1024x1024.jpg 1024w, https:\/\/maryjanesoka.com\/wp-content\/uploads\/2022\/05\/VIP-300x300.jpg 300w, https:\/\/maryjanesoka.com\/wp-content\/uploads\/2022\/05\/VIP-150x150.jpg 150w, https:\/\/maryjanesoka.com\/wp-content\/uploads\/2022\/05\/VIP-768x768.jpg 768w, https:\/\/maryjanesoka.com\/wp-content\/uploads\/2022\/05\/VIP.jpg 1080w\" sizes=\"(max-width: 800px) 100vw, 800px\" \/>\t\t\t\t\t\t\t\t\t\t\t\t\t\t\t<\/div>\n\t\t\t\t<\/div>\n\t\t\t\t\t<\/div>\n\t\t<\/div>\n\t\t\t\t<div class=\"elementor-column elementor-col-50 elementor-top-column elementor-element elementor-element-f336ade\" data-id=\"f336ade\" data-element_type=\"column\">\n\t\t\t<div class=\"elementor-widget-wrap elementor-element-populated\">\n\t\t\t\t\t\t\t\t<div class=\"elementor-element elementor-element-3e3be1f6 elementor-widget elementor-widget-heading\" data-id=\"3e3be1f6\" data-element_type=\"widget\" data-widget_type=\"heading.default\">\n\t\t\t\t<div class=\"elementor-widget-container\">\n\t\t\t<h2 class=\"elementor-heading-title elementor-size-default\">Programme VIP<\/h2>\t\t<\/div>\n\t\t\t\t<\/div>\n\t\t\t\t<div class=\"elementor-element elementor-element-860d769 elementor-widget elementor-widget-text-editor\" data-id=\"860d769\" data-element_type=\"widget\" data-widget_type=\"text-editor.default\">\n\t\t\t\t<div class=\"elementor-widget-container\">\n\t\t\t\t\t\t\t<ul>\n<li>Nous offrons des frais d&rsquo;adh\u00e9sion de 25 $, il s&rsquo;agit d&rsquo;un frais unique.<\/li>\n<li>Cela vous donne 15 % de r\u00e9duction sur votre premier achat de vari\u00e9t\u00e9s de haute qualit\u00e9, qui ne sont pas disponibles au public pendant 2 semaines, si elles sont disponibles.<\/li>\n<li>Vous devez venir en magasin pour acheter votre carte VIP.<\/li>\n<li>Vous devez fournir une adresse e-mail valide et accepter la correspondance de Mary Jane&rsquo;s.<\/li>\n<li>Ce programme VIP est le programme de cannabis le plus exclusif de la r\u00e9gion.<\/li>\n<li>Nous proposerons des articles sp\u00e9cialis\u00e9s qui ne sont pas destin\u00e9s au grand public.<\/li>\n<li>Une fois que vous aurez achet\u00e9 votre programme VIP, vous pourrez conserver l&rsquo;acc\u00e8s au programme et b\u00e9n\u00e9ficier de la priorit\u00e9 sur ceux qui ne l&rsquo;ont pas.<\/li>\n<li>L&rsquo;espace est limit\u00e9 car le stock VIP est tr\u00e8s exclusif et limit\u00e9.<\/li>\n<\/ul>\n\t\t\t\t\t\t<\/div>\n\t\t\t\t<\/div>\n\t\t\t\t\t<\/div>\n\t\t<\/div>\n\t\t\t\t\t\t\t<\/div>\n\t\t<\/section>\n\t\t\t\t\t\t\t<\/div>\n\t\t","protected":false},"excerpt":{"rendered":"<p>Programme VIP Nous offrons des frais d&rsquo;adh\u00e9sion de 25 $, il s&rsquo;agit d&rsquo;un frais unique. Cela vous donne 15 % de r\u00e9duction sur votre premier achat de vari\u00e9t\u00e9s de haute qualit\u00e9, qui ne sont pas disponibles au public pendant 2 semaines, si elles sont disponibles. Vous devez venir en magasin pour acheter votre carte VIP. [&hellip;]<\/p>\n","protected":false},"author":2,"featured_media":0,"parent":0,"menu_order":0,"comment_status":"closed","ping_status":"closed","template":"","meta":{"_acf_changed":false,"footnotes":""},"class_list":["post-5415","page","type-page","status-publish","hentry"],"acf":[],"yoast_head":"<!-- This site is optimized with the Yoast SEO plugin v21.7 - https:\/\/yoast.com\/wordpress\/plugins\/seo\/ -->\n<title>Programme VIP - Oka&#039;s Marijuana Dispensary - Mary Jane&#039;s<\/title>\n<meta name=\"robots\" content=\"index, follow, max-snippet:-1, max-image-preview:large, max-video-preview:-1\" \/>\n<link rel=\"canonical\" href=\"https:\/\/maryjanesoka.com\/fr\/programme-vip\/\" \/>\n<meta property=\"og:locale\" content=\"fr_FR\" \/>\n<meta property=\"og:type\" content=\"article\" \/>\n<meta property=\"og:title\" content=\"Programme VIP - Oka&#039;s Marijuana Dispensary - Mary Jane&#039;s\" \/>\n<meta property=\"og:description\" content=\"Programme VIP Nous offrons des frais d&rsquo;adh\u00e9sion de 25 $, il s&rsquo;agit d&rsquo;un frais unique. Cela vous donne 15 % de r\u00e9duction sur votre premier achat de vari\u00e9t\u00e9s de haute qualit\u00e9, qui ne sont pas disponibles au public pendant 2 semaines, si elles sont disponibles. Vous devez venir en magasin pour acheter votre carte VIP. [&hellip;]\" \/>\n<meta property=\"og:url\" content=\"https:\/\/maryjanesoka.com\/fr\/programme-vip\/\" \/>\n<meta property=\"og:site_name\" content=\"Oka&#039;s Marijuana Dispensary - Mary Jane&#039;s\" \/>\n<meta property=\"article:modified_time\" content=\"2024-12-06T19:48:10+00:00\" \/>\n<meta property=\"og:image\" content=\"https:\/\/maryjanesoka.com\/wp-content\/uploads\/2022\/05\/VIP-1024x1024.jpg\" \/>\n<meta name=\"twitter:card\" content=\"summary_large_image\" \/>\n<meta name=\"twitter:label1\" content=\"Dur\u00e9e de lecture estim\u00e9e\" \/>\n\t<meta name=\"twitter:data1\" content=\"1 minute\" \/>\n<script type=\"application\/ld+json\" class=\"yoast-schema-graph\">{\"@context\":\"https:\/\/schema.org\",\"@graph\":[{\"@type\":\"WebPage\",\"@id\":\"https:\/\/maryjanesoka.com\/fr\/programme-vip\/\",\"url\":\"https:\/\/maryjanesoka.com\/fr\/programme-vip\/\",\"name\":\"Programme VIP - Oka&#039;s Marijuana Dispensary - Mary Jane&#039;s\",\"isPartOf\":{\"@id\":\"https:\/\/maryjanesoka.com\/fr\/#website\"},\"datePublished\":\"2022-05-02T19:50:38+00:00\",\"dateModified\":\"2024-12-06T19:48:10+00:00\",\"breadcrumb\":{\"@id\":\"https:\/\/maryjanesoka.com\/fr\/programme-vip\/#breadcrumb\"},\"inLanguage\":\"fr-FR\",\"potentialAction\":[{\"@type\":\"ReadAction\",\"target\":[\"https:\/\/maryjanesoka.com\/fr\/programme-vip\/\"]}]},{\"@type\":\"BreadcrumbList\",\"@id\":\"https:\/\/maryjanesoka.com\/fr\/programme-vip\/#breadcrumb\",\"itemListElement\":[{\"@type\":\"ListItem\",\"position\":1,\"name\":\"Home\",\"item\":\"https:\/\/maryjanesoka.com\/fr\/le-dispensaire-de-marijuana-doka\/\"},{\"@type\":\"ListItem\",\"position\":2,\"name\":\"Programme VIP\"}]},{\"@type\":\"WebSite\",\"@id\":\"https:\/\/maryjanesoka.com\/fr\/#website\",\"url\":\"https:\/\/maryjanesoka.com\/fr\/\",\"name\":\"Oka&#039;s Marijuana Dispensary - Mary Jane&#039;s\",\"description\":\"Oka\u2019s Premier Medicinal &amp; Recreational Dispensary\",\"publisher\":{\"@id\":\"https:\/\/maryjanesoka.com\/fr\/#organization\"},\"potentialAction\":[{\"@type\":\"SearchAction\",\"target\":{\"@type\":\"EntryPoint\",\"urlTemplate\":\"https:\/\/maryjanesoka.com\/fr\/?s={search_term_string}\"},\"query-input\":\"required name=search_term_string\"}],\"inLanguage\":\"fr-FR\"},{\"@type\":\"Organization\",\"@id\":\"https:\/\/maryjanesoka.com\/fr\/#organization\",\"name\":\"Oka&#039;s Marijuana Dispensary - Mary Jane&#039;s\",\"url\":\"https:\/\/maryjanesoka.com\/fr\/\",\"logo\":{\"@type\":\"ImageObject\",\"inLanguage\":\"fr-FR\",\"@id\":\"https:\/\/maryjanesoka.com\/fr\/#\/schema\/logo\/image\/\",\"url\":\"https:\/\/maryjanesoka.com\/wp-content\/uploads\/2021\/03\/cropped-734100_MJOkaLogo_Black_1_060420.png\",\"contentUrl\":\"https:\/\/maryjanesoka.com\/wp-content\/uploads\/2021\/03\/cropped-734100_MJOkaLogo_Black_1_060420.png\",\"width\":3000,\"height\":1380,\"caption\":\"Oka&#039;s Marijuana Dispensary - Mary Jane&#039;s\"},\"image\":{\"@id\":\"https:\/\/maryjanesoka.com\/fr\/#\/schema\/logo\/image\/\"}}]}<\/script>\n<!-- \/ Yoast SEO plugin. -->","yoast_head_json":{"title":"Programme VIP - Oka&#039;s Marijuana Dispensary - Mary Jane&#039;s","robots":{"index":"index","follow":"follow","max-snippet":"max-snippet:-1","max-image-preview":"max-image-preview:large","max-video-preview":"max-video-preview:-1"},"canonical":"https:\/\/maryjanesoka.com\/fr\/programme-vip\/","og_locale":"fr_FR","og_type":"article","og_title":"Programme VIP - Oka&#039;s Marijuana Dispensary - Mary Jane&#039;s","og_description":"Programme VIP Nous offrons des frais d&rsquo;adh\u00e9sion de 25 $, il s&rsquo;agit d&rsquo;un frais unique. Cela vous donne 15 % de r\u00e9duction sur votre premier achat de vari\u00e9t\u00e9s de haute qualit\u00e9, qui ne sont pas disponibles au public pendant 2 semaines, si elles sont disponibles. Vous devez venir en magasin pour acheter votre carte VIP. [&hellip;]","og_url":"https:\/\/maryjanesoka.com\/fr\/programme-vip\/","og_site_name":"Oka&#039;s Marijuana Dispensary - Mary Jane&#039;s","article_modified_time":"2024-12-06T19:48:10+00:00","og_image":[{"url":"https:\/\/maryjanesoka.com\/wp-content\/uploads\/2022\/05\/VIP-1024x1024.jpg"}],"twitter_card":"summary_large_image","twitter_misc":{"Dur\u00e9e de lecture estim\u00e9e":"1 minute"},"schema":{"@context":"https:\/\/schema.org","@graph":[{"@type":"WebPage","@id":"https:\/\/maryjanesoka.com\/fr\/programme-vip\/","url":"https:\/\/maryjanesoka.com\/fr\/programme-vip\/","name":"Programme VIP - Oka&#039;s Marijuana Dispensary - Mary Jane&#039;s","isPartOf":{"@id":"https:\/\/maryjanesoka.com\/fr\/#website"},"datePublished":"2022-05-02T19:50:38+00:00","dateModified":"2024-12-06T19:48:10+00:00","breadcrumb":{"@id":"https:\/\/maryjanesoka.com\/fr\/programme-vip\/#breadcrumb"},"inLanguage":"fr-FR","potentialAction":[{"@type":"ReadAction","target":["https:\/\/maryjanesoka.com\/fr\/programme-vip\/"]}]},{"@type":"BreadcrumbList","@id":"https:\/\/maryjanesoka.com\/fr\/programme-vip\/#breadcrumb","itemListElement":[{"@type":"ListItem","position":1,"name":"Home","item":"https:\/\/maryjanesoka.com\/fr\/le-dispensaire-de-marijuana-doka\/"},{"@type":"ListItem","position":2,"name":"Programme VIP"}]},{"@type":"WebSite","@id":"https:\/\/maryjanesoka.com\/fr\/#website","url":"https:\/\/maryjanesoka.com\/fr\/","name":"Oka&#039;s Marijuana Dispensary - Mary Jane&#039;s","description":"Oka\u2019s Premier Medicinal &amp; Recreational Dispensary","publisher":{"@id":"https:\/\/maryjanesoka.com\/fr\/#organization"},"potentialAction":[{"@type":"SearchAction","target":{"@type":"EntryPoint","urlTemplate":"https:\/\/maryjanesoka.com\/fr\/?s={search_term_string}"},"query-input":"required name=search_term_string"}],"inLanguage":"fr-FR"},{"@type":"Organization","@id":"https:\/\/maryjanesoka.com\/fr\/#organization","name":"Oka&#039;s Marijuana Dispensary - Mary Jane&#039;s","url":"https:\/\/maryjanesoka.com\/fr\/","logo":{"@type":"ImageObject","inLanguage":"fr-FR","@id":"https:\/\/maryjanesoka.com\/fr\/#\/schema\/logo\/image\/","url":"https:\/\/maryjanesoka.com\/wp-content\/uploads\/2021\/03\/cropped-734100_MJOkaLogo_Black_1_060420.png","contentUrl":"https:\/\/maryjanesoka.com\/wp-content\/uploads\/2021\/03\/cropped-734100_MJOkaLogo_Black_1_060420.png","width":3000,"height":1380,"caption":"Oka&#039;s Marijuana Dispensary - Mary Jane&#039;s"},"image":{"@id":"https:\/\/maryjanesoka.com\/fr\/#\/schema\/logo\/image\/"}}]}},"_links":{"self":[{"href":"https:\/\/maryjanesoka.com\/fr\/wp-json\/wp\/v2\/pages\/5415","targetHints":{"allow":["GET"]}}],"collection":[{"href":"https:\/\/maryjanesoka.com\/fr\/wp-json\/wp\/v2\/pages"}],"about":[{"href":"https:\/\/maryjanesoka.com\/fr\/wp-json\/wp\/v2\/types\/page"}],"author":[{"embeddable":true,"href":"https:\/\/maryjanesoka.com\/fr\/wp-json\/wp\/v2\/users\/2"}],"replies":[{"embeddable":true,"href":"https:\/\/maryjanesoka.com\/fr\/wp-json\/wp\/v2\/comments?post=5415"}],"version-history":[{"count":1,"href":"https:\/\/maryjanesoka.com\/fr\/wp-json\/wp\/v2\/pages\/5415\/revisions"}],"predecessor-version":[{"id":5416,"href":"https:\/\/maryjanesoka.com\/fr\/wp-json\/wp\/v2\/pages\/5415\/revisions\/5416"}],"wp:attachment":[{"href":"https:\/\/maryjanesoka.com\/fr\/wp-json\/wp\/v2\/media?parent=5415"}],"curies":[{"name":"wp","href":"https:\/\/api.w.org\/{rel}","templated":true}]}}