{"id":5417,"date":"2021-10-29T18:34:09","date_gmt":"2021-10-29T18:34:09","guid":{"rendered":"https:\/\/maryjanesoka.com\/offres-speciales-promotions\/"},"modified":"2024-12-06T19:49:52","modified_gmt":"2024-12-06T19:49:52","slug":"offres-speciales-promotions","status":"publish","type":"page","link":"https:\/\/maryjanesoka.com\/fr\/offres-speciales-promotions\/","title":{"rendered":"Offres sp\u00e9ciales \/ Promotions"},"content":{"rendered":"\t\t<div data-elementor-type=\"wp-page\" data-elementor-id=\"5417\" class=\"elementor elementor-5417 elementor-557\" data-elementor-post-type=\"page\">\n\t\t\t\t\t\t\t\t\t<section class=\"elementor-section elementor-top-section elementor-element elementor-element-18cab6e2 elementor-section-height-min-height elementor-section-boxed elementor-section-height-default elementor-section-items-middle\" data-id=\"18cab6e2\" data-element_type=\"section\" data-settings=\"{&quot;background_background&quot;:&quot;classic&quot;}\">\n\t\t\t\t\t\t\t<div class=\"elementor-background-overlay\"><\/div>\n\t\t\t\t\t\t\t<div class=\"elementor-container elementor-column-gap-default\">\n\t\t\t\t\t<div class=\"elementor-column elementor-col-100 elementor-top-column elementor-element elementor-element-75417a84\" data-id=\"75417a84\" data-element_type=\"column\">\n\t\t\t<div class=\"elementor-widget-wrap elementor-element-populated\">\n\t\t\t\t\t\t\t\t<div class=\"elementor-element elementor-element-61a09ad2 elementor-widget elementor-widget-heading\" data-id=\"61a09ad2\" data-element_type=\"widget\" data-widget_type=\"heading.default\">\n\t\t\t\t<div class=\"elementor-widget-container\">\n\t\t\t<h2 class=\"elementor-heading-title elementor-size-default\">Offres sp\u00e9ciales et promotions<\/h2>\t\t<\/div>\n\t\t\t\t<\/div>\n\t\t\t\t<div class=\"elementor-element elementor-element-31b12886 elementor-widget elementor-widget-text-editor\" data-id=\"31b12886\" data-element_type=\"widget\" data-widget_type=\"text-editor.default\">\n\t\t\t\t<div class=\"elementor-widget-container\">\n\t\t\t\t\t\t\t<p>D\u00e9couvrez nos offres sp\u00e9ciales en magasin.<\/p>\n\t\t\t\t\t\t<\/div>\n\t\t\t\t<\/div>\n\t\t\t\t\t<\/div>\n\t\t<\/div>\n\t\t\t\t\t\t\t<\/div>\n\t\t<\/section>\n\t\t\t\t<section class=\"elementor-section elementor-top-section elementor-element elementor-element-42f0078e elementor-section-boxed elementor-section-height-default elementor-section-height-default\" data-id=\"42f0078e\" data-element_type=\"section\">\n\t\t\t\t\t\t<div class=\"elementor-container elementor-column-gap-default\">\n\t\t\t\t\t<div class=\"elementor-column elementor-col-100 elementor-top-column elementor-element elementor-element-3e8ce4a5\" data-id=\"3e8ce4a5\" data-element_type=\"column\">\n\t\t\t<div class=\"elementor-widget-wrap elementor-element-populated\">\n\t\t\t\t\t\t\t\t<div class=\"elementor-element elementor-element-f57aee2 elementor-grid-2 elementor-grid-tablet-2 elementor-grid-mobile-1 elementor-posts--thumbnail-top elementor-card-shadow-yes elementor-posts__hover-gradient elementor-widget elementor-widget-posts\" data-id=\"f57aee2\" data-element_type=\"widget\" data-settings=\"{&quot;cards_columns&quot;:&quot;2&quot;,&quot;cards_columns_tablet&quot;:&quot;2&quot;,&quot;cards_columns_mobile&quot;:&quot;1&quot;,&quot;cards_row_gap&quot;:{&quot;unit&quot;:&quot;px&quot;,&quot;size&quot;:35,&quot;sizes&quot;:[]},&quot;cards_row_gap_tablet&quot;:{&quot;unit&quot;:&quot;px&quot;,&quot;size&quot;:&quot;&quot;,&quot;sizes&quot;:[]},&quot;cards_row_gap_mobile&quot;:{&quot;unit&quot;:&quot;px&quot;,&quot;size&quot;:&quot;&quot;,&quot;sizes&quot;:[]}}\" data-widget_type=\"posts.cards\">\n\t\t\t\t<div class=\"elementor-widget-container\">\n\t\t\t\t\t<div class=\"elementor-posts-container elementor-posts elementor-posts--skin-cards elementor-grid\">\n\t\t\t\t<article class=\"elementor-post elementor-grid-item post-1304 post type-post status-publish format-standard has-post-thumbnail hentry category-specials\">\n\t\t\t<div class=\"elementor-post__card\">\n\t\t\t\t<a class=\"elementor-post__thumbnail__link\" href=\"https:\/\/maryjanesoka.com\/fr\/mary-janes-halloween-1-4-lb-giveaway\/\" ><div class=\"elementor-post__thumbnail\"><img fetchpriority=\"high\" decoding=\"async\" width=\"1978\" height=\"2560\" src=\"https:\/\/maryjanesoka.com\/wp-content\/uploads\/2022\/10\/Image-scaled.jpeg\" class=\"attachment-full size-full wp-image-1305\" alt=\"\" srcset=\"https:\/\/maryjanesoka.com\/wp-content\/uploads\/2022\/10\/Image-scaled.jpeg 1978w, https:\/\/maryjanesoka.com\/wp-content\/uploads\/2022\/10\/Image-232x300.jpeg 232w, https:\/\/maryjanesoka.com\/wp-content\/uploads\/2022\/10\/Image-791x1024.jpeg 791w, https:\/\/maryjanesoka.com\/wp-content\/uploads\/2022\/10\/Image-768x994.jpeg 768w, https:\/\/maryjanesoka.com\/wp-content\/uploads\/2022\/10\/Image-1187x1536.jpeg 1187w, https:\/\/maryjanesoka.com\/wp-content\/uploads\/2022\/10\/Image-1583x2048.jpeg 1583w\" sizes=\"(max-width: 1978px) 100vw, 1978px\" \/><\/div><\/a>\n\t\t\t\t<div class=\"elementor-post__text\">\n\t\t\t\t<h3 class=\"elementor-post__title\">\n\t\t\t<a href=\"https:\/\/maryjanesoka.com\/fr\/mary-janes-halloween-1-4-lb-giveaway\/\" >\n\t\t\t\tMary Jane&rsquo;s Halloween 1\/4 LB  giveaway &#8211; Oct 29th\t\t\t<\/a>\n\t\t<\/h3>\n\t\t\t\t<div class=\"elementor-post__excerpt\">\n\t\t\t\t\t<\/div>\n\t\t\n\t\t<a class=\"elementor-post__read-more\" href=\"https:\/\/maryjanesoka.com\/fr\/mary-janes-halloween-1-4-lb-giveaway\/\" aria-label=\"En savoir plus sur Mary Jane&rsquo;s Halloween 1\/4 LB  giveaway &#8211; Oct 29th\" >\n\t\t\tLire la suite \u00bb\t\t<\/a>\n\n\t\t\t\t<\/div>\n\t\t\t\t<div class=\"elementor-post__meta-data\">\n\t\t\t\t\t<span class=\"elementor-post-date\">\n\t\t\toctobre 13, 2022\t\t<\/span>\n\t\t\t\t<\/div>\n\t\t\t\t\t<\/div>\n\t\t<\/article>\n\t\t\t\t<article class=\"elementor-post elementor-grid-item post-849 post type-post status-publish format-standard has-post-thumbnail hentry category-news category-specials\">\n\t\t\t<div class=\"elementor-post__card\">\n\t\t\t\t<a class=\"elementor-post__thumbnail__link\" href=\"https:\/\/maryjanesoka.com\/fr\/mary-janes-is-giving-away-4-clones-on-4-20-to-our-clients\/\" ><div class=\"elementor-post__thumbnail\"><img decoding=\"async\" width=\"1200\" height=\"630\" src=\"https:\/\/maryjanesoka.com\/wp-content\/uploads\/2022\/04\/420-giveaway-.png\" class=\"attachment-full size-full wp-image-850\" alt=\"\" srcset=\"https:\/\/maryjanesoka.com\/wp-content\/uploads\/2022\/04\/420-giveaway-.png 1200w, https:\/\/maryjanesoka.com\/wp-content\/uploads\/2022\/04\/420-giveaway--300x158.png 300w, https:\/\/maryjanesoka.com\/wp-content\/uploads\/2022\/04\/420-giveaway--1024x538.png 1024w, https:\/\/maryjanesoka.com\/wp-content\/uploads\/2022\/04\/420-giveaway--768x403.png 768w\" sizes=\"(max-width: 1200px) 100vw, 1200px\" \/><\/div><\/a>\n\t\t\t\t<div class=\"elementor-post__text\">\n\t\t\t\t<h3 class=\"elementor-post__title\">\n\t\t\t<a href=\"https:\/\/maryjanesoka.com\/fr\/mary-janes-is-giving-away-4-clones-on-4-20-to-our-clients\/\" >\n\t\t\t\tMary Jane\u2019s is Giving Away 4 Clones on 4\/20 to Our Clients\t\t\t<\/a>\n\t\t<\/h3>\n\t\t\t\t<div class=\"elementor-post__excerpt\">\n\t\t\t<p>Get ready for April 20 also know as 420. Why you may ask? Well, we are giving away 4 free clones to customers who spend $100 or more on 4\/20*. This will ensure you kick off your grow season<\/p>\n\t\t<\/div>\n\t\t\n\t\t<a class=\"elementor-post__read-more\" href=\"https:\/\/maryjanesoka.com\/fr\/mary-janes-is-giving-away-4-clones-on-4-20-to-our-clients\/\" aria-label=\"En savoir plus sur Mary Jane\u2019s is Giving Away 4 Clones on 4\/20 to Our Clients\" >\n\t\t\tLire la suite \u00bb\t\t<\/a>\n\n\t\t\t\t<\/div>\n\t\t\t\t<div class=\"elementor-post__meta-data\">\n\t\t\t\t\t<span class=\"elementor-post-date\">\n\t\t\tavril 18, 2022\t\t<\/span>\n\t\t\t\t<\/div>\n\t\t\t\t\t<\/div>\n\t\t<\/article>\n\t\t\t\t<article class=\"elementor-post elementor-grid-item post-701 post type-post status-publish format-standard has-post-thumbnail hentry category-specials\">\n\t\t\t<div class=\"elementor-post__card\">\n\t\t\t\t<a class=\"elementor-post__thumbnail__link\" href=\"https:\/\/maryjanesoka.com\/fr\/show-us-your-joint-for-a-chance-to-win\/\" ><div class=\"elementor-post__thumbnail\"><img decoding=\"async\" width=\"1080\" height=\"1920\" src=\"https:\/\/maryjanesoka.com\/wp-content\/uploads\/2022\/01\/Mary-Janes-Contest-4.jpeg\" class=\"attachment-full size-full wp-image-694\" alt=\"\" srcset=\"https:\/\/maryjanesoka.com\/wp-content\/uploads\/2022\/01\/Mary-Janes-Contest-4.jpeg 1080w, https:\/\/maryjanesoka.com\/wp-content\/uploads\/2022\/01\/Mary-Janes-Contest-4-169x300.jpeg 169w, https:\/\/maryjanesoka.com\/wp-content\/uploads\/2022\/01\/Mary-Janes-Contest-4-576x1024.jpeg 576w, https:\/\/maryjanesoka.com\/wp-content\/uploads\/2022\/01\/Mary-Janes-Contest-4-768x1365.jpeg 768w, https:\/\/maryjanesoka.com\/wp-content\/uploads\/2022\/01\/Mary-Janes-Contest-4-864x1536.jpeg 864w\" sizes=\"(max-width: 1080px) 100vw, 1080px\" \/><\/div><\/a>\n\t\t\t\t<div class=\"elementor-post__text\">\n\t\t\t\t<h3 class=\"elementor-post__title\">\n\t\t\t<a href=\"https:\/\/maryjanesoka.com\/fr\/show-us-your-joint-for-a-chance-to-win\/\" >\n\t\t\t\tShow us your joint for a chance to win!\t\t\t<\/a>\n\t\t<\/h3>\n\t\t\t\t<div class=\"elementor-post__excerpt\">\n\t\t\t<p>Joint Rolling Contest DM @maryjanespotshop your photo\/video of your joint for a chance to win a gift basket with a value of $350! Begins January 17th, ends Jan 31st. Our followers will vote for the winner. &nbsp;<\/p>\n\t\t<\/div>\n\t\t\n\t\t<a class=\"elementor-post__read-more\" href=\"https:\/\/maryjanesoka.com\/fr\/show-us-your-joint-for-a-chance-to-win\/\" aria-label=\"En savoir plus sur Show us your joint for a chance to win!\" >\n\t\t\tLire la suite \u00bb\t\t<\/a>\n\n\t\t\t\t<\/div>\n\t\t\t\t<div class=\"elementor-post__meta-data\">\n\t\t\t\t\t<span class=\"elementor-post-date\">\n\t\t\tjanvier 19, 2022\t\t<\/span>\n\t\t\t\t<\/div>\n\t\t\t\t\t<\/div>\n\t\t<\/article>\n\t\t\t\t<article class=\"elementor-post elementor-grid-item post-698 post type-post status-publish format-standard has-post-thumbnail hentry category-specials\">\n\t\t\t<div class=\"elementor-post__card\">\n\t\t\t\t<a class=\"elementor-post__thumbnail__link\" href=\"https:\/\/maryjanesoka.com\/fr\/win-a-gift-basket-with-a-value-of-350\/\" ><div class=\"elementor-post__thumbnail\"><img loading=\"lazy\" decoding=\"async\" width=\"1920\" height=\"1080\" src=\"https:\/\/maryjanesoka.com\/wp-content\/uploads\/2022\/01\/Mary-Janes-Contest-3.jpeg\" class=\"attachment-full size-full wp-image-691\" alt=\"\" srcset=\"https:\/\/maryjanesoka.com\/wp-content\/uploads\/2022\/01\/Mary-Janes-Contest-3.jpeg 1920w, https:\/\/maryjanesoka.com\/wp-content\/uploads\/2022\/01\/Mary-Janes-Contest-3-300x169.jpeg 300w, https:\/\/maryjanesoka.com\/wp-content\/uploads\/2022\/01\/Mary-Janes-Contest-3-1024x576.jpeg 1024w, https:\/\/maryjanesoka.com\/wp-content\/uploads\/2022\/01\/Mary-Janes-Contest-3-768x432.jpeg 768w, https:\/\/maryjanesoka.com\/wp-content\/uploads\/2022\/01\/Mary-Janes-Contest-3-1536x864.jpeg 1536w\" sizes=\"(max-width: 1920px) 100vw, 1920px\" \/><\/div><\/a>\n\t\t\t\t<div class=\"elementor-post__text\">\n\t\t\t\t<h3 class=\"elementor-post__title\">\n\t\t\t<a href=\"https:\/\/maryjanesoka.com\/fr\/win-a-gift-basket-with-a-value-of-350\/\" >\n\t\t\t\tWin a gift basket with a value of $350!\t\t\t<\/a>\n\t\t<\/h3>\n\t\t\t\t<div class=\"elementor-post__excerpt\">\n\t\t\t<p>Your chance to win a gift basket with a value of $350! DM @maryjanespotshop your photo\/video of your joint. Begins January 17th, ends Jan 31st. Our followers will vote for the winner.<\/p>\n\t\t<\/div>\n\t\t\n\t\t<a class=\"elementor-post__read-more\" href=\"https:\/\/maryjanesoka.com\/fr\/win-a-gift-basket-with-a-value-of-350\/\" aria-label=\"En savoir plus sur Win a gift basket with a value of $350!\" >\n\t\t\tLire la suite \u00bb\t\t<\/a>\n\n\t\t\t\t<\/div>\n\t\t\t\t<div class=\"elementor-post__meta-data\">\n\t\t\t\t\t<span class=\"elementor-post-date\">\n\t\t\tjanvier 19, 2022\t\t<\/span>\n\t\t\t\t<\/div>\n\t\t\t\t\t<\/div>\n\t\t<\/article>\n\t\t\t\t<article class=\"elementor-post elementor-grid-item post-696 post type-post status-publish format-standard has-post-thumbnail hentry category-specials\">\n\t\t\t<div class=\"elementor-post__card\">\n\t\t\t\t<a class=\"elementor-post__thumbnail__link\" href=\"https:\/\/maryjanesoka.com\/fr\/joint-rolling-competition-jan-17th-31st\/\" ><div class=\"elementor-post__thumbnail\"><img loading=\"lazy\" decoding=\"async\" width=\"1920\" height=\"1080\" src=\"https:\/\/maryjanesoka.com\/wp-content\/uploads\/2022\/01\/Mary-Janes-Contest-2.jpeg\" class=\"attachment-full size-full wp-image-692\" alt=\"\" srcset=\"https:\/\/maryjanesoka.com\/wp-content\/uploads\/2022\/01\/Mary-Janes-Contest-2.jpeg 1920w, https:\/\/maryjanesoka.com\/wp-content\/uploads\/2022\/01\/Mary-Janes-Contest-2-300x169.jpeg 300w, https:\/\/maryjanesoka.com\/wp-content\/uploads\/2022\/01\/Mary-Janes-Contest-2-1024x576.jpeg 1024w, https:\/\/maryjanesoka.com\/wp-content\/uploads\/2022\/01\/Mary-Janes-Contest-2-768x432.jpeg 768w, https:\/\/maryjanesoka.com\/wp-content\/uploads\/2022\/01\/Mary-Janes-Contest-2-1536x864.jpeg 1536w\" sizes=\"(max-width: 1920px) 100vw, 1920px\" \/><\/div><\/a>\n\t\t\t\t<div class=\"elementor-post__text\">\n\t\t\t\t<h3 class=\"elementor-post__title\">\n\t\t\t<a href=\"https:\/\/maryjanesoka.com\/fr\/joint-rolling-competition-jan-17th-31st\/\" >\n\t\t\t\tJoint Rolling Competition Jan 17th &#8211; 31st\t\t\t<\/a>\n\t\t<\/h3>\n\t\t\t\t<div class=\"elementor-post__excerpt\">\n\t\t\t<p>DM @maryjanespotshop your photo\/video of your joint for a chance to win a gift basket with a value of $350! Begins January 17th, ends Jan 31st. Our followers will vote for the winner.<\/p>\n\t\t<\/div>\n\t\t\n\t\t<a class=\"elementor-post__read-more\" href=\"https:\/\/maryjanesoka.com\/fr\/joint-rolling-competition-jan-17th-31st\/\" aria-label=\"En savoir plus sur Joint Rolling Competition Jan 17th &#8211; 31st\" >\n\t\t\tLire la suite \u00bb\t\t<\/a>\n\n\t\t\t\t<\/div>\n\t\t\t\t<div class=\"elementor-post__meta-data\">\n\t\t\t\t\t<span class=\"elementor-post-date\">\n\t\t\tjanvier 19, 2022\t\t<\/span>\n\t\t\t\t<\/div>\n\t\t\t\t\t<\/div>\n\t\t<\/article>\n\t\t\t\t<article class=\"elementor-post elementor-grid-item post-690 post type-post status-publish format-standard has-post-thumbnail hentry category-specials\">\n\t\t\t<div class=\"elementor-post__card\">\n\t\t\t\t<a class=\"elementor-post__thumbnail__link\" href=\"https:\/\/maryjanesoka.com\/fr\/joint-rolling-contest\/\" ><div class=\"elementor-post__thumbnail\"><img loading=\"lazy\" decoding=\"async\" width=\"1920\" height=\"1080\" src=\"https:\/\/maryjanesoka.com\/wp-content\/uploads\/2022\/01\/Mary-Janes-Contest-1.jpeg\" class=\"attachment-full size-full wp-image-693\" alt=\"\" srcset=\"https:\/\/maryjanesoka.com\/wp-content\/uploads\/2022\/01\/Mary-Janes-Contest-1.jpeg 1920w, https:\/\/maryjanesoka.com\/wp-content\/uploads\/2022\/01\/Mary-Janes-Contest-1-300x169.jpeg 300w, https:\/\/maryjanesoka.com\/wp-content\/uploads\/2022\/01\/Mary-Janes-Contest-1-1024x576.jpeg 1024w, https:\/\/maryjanesoka.com\/wp-content\/uploads\/2022\/01\/Mary-Janes-Contest-1-768x432.jpeg 768w, https:\/\/maryjanesoka.com\/wp-content\/uploads\/2022\/01\/Mary-Janes-Contest-1-1536x864.jpeg 1536w\" sizes=\"(max-width: 1920px) 100vw, 1920px\" \/><\/div><\/a>\n\t\t\t\t<div class=\"elementor-post__text\">\n\t\t\t\t<h3 class=\"elementor-post__title\">\n\t\t\t<a href=\"https:\/\/maryjanesoka.com\/fr\/joint-rolling-contest\/\" >\n\t\t\t\tJoint Rolling Contest\t\t\t<\/a>\n\t\t<\/h3>\n\t\t\t\t<div class=\"elementor-post__excerpt\">\n\t\t\t<p>DM @maryjanespotshop your photo\/video of your joint for a chance to win a gift basket with a value of $350! Begins January 17th, ends Jan 31st. Our followers will vote for the winner.<\/p>\n\t\t<\/div>\n\t\t\n\t\t<a class=\"elementor-post__read-more\" href=\"https:\/\/maryjanesoka.com\/fr\/joint-rolling-contest\/\" aria-label=\"En savoir plus sur Joint Rolling Contest\" >\n\t\t\tLire la suite \u00bb\t\t<\/a>\n\n\t\t\t\t<\/div>\n\t\t\t\t<div class=\"elementor-post__meta-data\">\n\t\t\t\t\t<span class=\"elementor-post-date\">\n\t\t\tjanvier 19, 2022\t\t<\/span>\n\t\t\t\t<\/div>\n\t\t\t\t\t<\/div>\n\t\t<\/article>\n\t\t\t\t<\/div>\n\t\t\n\t\t\t\t<\/div>\n\t\t\t\t<\/div>\n\t\t\t\t\t<\/div>\n\t\t<\/div>\n\t\t\t\t\t\t\t<\/div>\n\t\t<\/section>\n\t\t\t\t\t\t\t<\/div>\n\t\t","protected":false},"excerpt":{"rendered":"<p>Offres sp\u00e9ciales et promotions D\u00e9couvrez nos offres sp\u00e9ciales en magasin.<\/p>\n","protected":false},"author":2,"featured_media":0,"parent":0,"menu_order":0,"comment_status":"closed","ping_status":"closed","template":"","meta":{"_acf_changed":false,"footnotes":""},"class_list":["post-5417","page","type-page","status-publish","hentry"],"acf":[],"yoast_head":"<!-- This site is optimized with the Yoast SEO plugin v21.7 - https:\/\/yoast.com\/wordpress\/plugins\/seo\/ -->\n<title>Offres sp\u00e9ciales \/ Promotions - Oka&#039;s Marijuana Dispensary - Mary Jane&#039;s<\/title>\n<meta name=\"robots\" content=\"index, follow, max-snippet:-1, max-image-preview:large, max-video-preview:-1\" \/>\n<link rel=\"canonical\" href=\"https:\/\/maryjanesoka.com\/fr\/offres-speciales-promotions\/\" \/>\n<meta property=\"og:locale\" content=\"fr_FR\" \/>\n<meta property=\"og:type\" content=\"article\" \/>\n<meta property=\"og:title\" content=\"Offres sp\u00e9ciales \/ Promotions - Oka&#039;s Marijuana Dispensary - Mary Jane&#039;s\" \/>\n<meta property=\"og:description\" content=\"Offres sp\u00e9ciales et promotions D\u00e9couvrez nos offres sp\u00e9ciales en magasin.\" \/>\n<meta property=\"og:url\" content=\"https:\/\/maryjanesoka.com\/fr\/offres-speciales-promotions\/\" \/>\n<meta property=\"og:site_name\" content=\"Oka&#039;s Marijuana Dispensary - Mary Jane&#039;s\" \/>\n<meta property=\"article:modified_time\" content=\"2024-12-06T19:49:52+00:00\" \/>\n<meta name=\"twitter:card\" content=\"summary_large_image\" \/>\n<script type=\"application\/ld+json\" class=\"yoast-schema-graph\">{\"@context\":\"https:\/\/schema.org\",\"@graph\":[{\"@type\":\"WebPage\",\"@id\":\"https:\/\/maryjanesoka.com\/fr\/offres-speciales-promotions\/\",\"url\":\"https:\/\/maryjanesoka.com\/fr\/offres-speciales-promotions\/\",\"name\":\"Offres sp\u00e9ciales \/ Promotions - Oka&#039;s Marijuana Dispensary - Mary Jane&#039;s\",\"isPartOf\":{\"@id\":\"https:\/\/maryjanesoka.com\/fr\/#website\"},\"datePublished\":\"2021-10-29T18:34:09+00:00\",\"dateModified\":\"2024-12-06T19:49:52+00:00\",\"breadcrumb\":{\"@id\":\"https:\/\/maryjanesoka.com\/fr\/offres-speciales-promotions\/#breadcrumb\"},\"inLanguage\":\"fr-FR\",\"potentialAction\":[{\"@type\":\"ReadAction\",\"target\":[\"https:\/\/maryjanesoka.com\/fr\/offres-speciales-promotions\/\"]}]},{\"@type\":\"BreadcrumbList\",\"@id\":\"https:\/\/maryjanesoka.com\/fr\/offres-speciales-promotions\/#breadcrumb\",\"itemListElement\":[{\"@type\":\"ListItem\",\"position\":1,\"name\":\"Home\",\"item\":\"https:\/\/maryjanesoka.com\/fr\/le-dispensaire-de-marijuana-doka\/\"},{\"@type\":\"ListItem\",\"position\":2,\"name\":\"Offres sp\u00e9ciales \/ Promotions\"}]},{\"@type\":\"WebSite\",\"@id\":\"https:\/\/maryjanesoka.com\/fr\/#website\",\"url\":\"https:\/\/maryjanesoka.com\/fr\/\",\"name\":\"Oka&#039;s Marijuana Dispensary - Mary Jane&#039;s\",\"description\":\"Oka\u2019s Premier Medicinal &amp; Recreational Dispensary\",\"publisher\":{\"@id\":\"https:\/\/maryjanesoka.com\/fr\/#organization\"},\"potentialAction\":[{\"@type\":\"SearchAction\",\"target\":{\"@type\":\"EntryPoint\",\"urlTemplate\":\"https:\/\/maryjanesoka.com\/fr\/?s={search_term_string}\"},\"query-input\":\"required name=search_term_string\"}],\"inLanguage\":\"fr-FR\"},{\"@type\":\"Organization\",\"@id\":\"https:\/\/maryjanesoka.com\/fr\/#organization\",\"name\":\"Oka&#039;s Marijuana Dispensary - Mary Jane&#039;s\",\"url\":\"https:\/\/maryjanesoka.com\/fr\/\",\"logo\":{\"@type\":\"ImageObject\",\"inLanguage\":\"fr-FR\",\"@id\":\"https:\/\/maryjanesoka.com\/fr\/#\/schema\/logo\/image\/\",\"url\":\"https:\/\/maryjanesoka.com\/wp-content\/uploads\/2021\/03\/cropped-734100_MJOkaLogo_Black_1_060420.png\",\"contentUrl\":\"https:\/\/maryjanesoka.com\/wp-content\/uploads\/2021\/03\/cropped-734100_MJOkaLogo_Black_1_060420.png\",\"width\":3000,\"height\":1380,\"caption\":\"Oka&#039;s Marijuana Dispensary - Mary Jane&#039;s\"},\"image\":{\"@id\":\"https:\/\/maryjanesoka.com\/fr\/#\/schema\/logo\/image\/\"}}]}<\/script>\n<!-- \/ Yoast SEO plugin. -->","yoast_head_json":{"title":"Offres sp\u00e9ciales \/ Promotions - Oka&#039;s Marijuana Dispensary - Mary Jane&#039;s","robots":{"index":"index","follow":"follow","max-snippet":"max-snippet:-1","max-image-preview":"max-image-preview:large","max-video-preview":"max-video-preview:-1"},"canonical":"https:\/\/maryjanesoka.com\/fr\/offres-speciales-promotions\/","og_locale":"fr_FR","og_type":"article","og_title":"Offres sp\u00e9ciales \/ Promotions - Oka&#039;s Marijuana Dispensary - Mary Jane&#039;s","og_description":"Offres sp\u00e9ciales et promotions D\u00e9couvrez nos offres sp\u00e9ciales en magasin.","og_url":"https:\/\/maryjanesoka.com\/fr\/offres-speciales-promotions\/","og_site_name":"Oka&#039;s Marijuana Dispensary - Mary Jane&#039;s","article_modified_time":"2024-12-06T19:49:52+00:00","twitter_card":"summary_large_image","schema":{"@context":"https:\/\/schema.org","@graph":[{"@type":"WebPage","@id":"https:\/\/maryjanesoka.com\/fr\/offres-speciales-promotions\/","url":"https:\/\/maryjanesoka.com\/fr\/offres-speciales-promotions\/","name":"Offres sp\u00e9ciales \/ Promotions - Oka&#039;s Marijuana Dispensary - Mary Jane&#039;s","isPartOf":{"@id":"https:\/\/maryjanesoka.com\/fr\/#website"},"datePublished":"2021-10-29T18:34:09+00:00","dateModified":"2024-12-06T19:49:52+00:00","breadcrumb":{"@id":"https:\/\/maryjanesoka.com\/fr\/offres-speciales-promotions\/#breadcrumb"},"inLanguage":"fr-FR","potentialAction":[{"@type":"ReadAction","target":["https:\/\/maryjanesoka.com\/fr\/offres-speciales-promotions\/"]}]},{"@type":"BreadcrumbList","@id":"https:\/\/maryjanesoka.com\/fr\/offres-speciales-promotions\/#breadcrumb","itemListElement":[{"@type":"ListItem","position":1,"name":"Home","item":"https:\/\/maryjanesoka.com\/fr\/le-dispensaire-de-marijuana-doka\/"},{"@type":"ListItem","position":2,"name":"Offres sp\u00e9ciales \/ Promotions"}]},{"@type":"WebSite","@id":"https:\/\/maryjanesoka.com\/fr\/#website","url":"https:\/\/maryjanesoka.com\/fr\/","name":"Oka&#039;s Marijuana Dispensary - Mary Jane&#039;s","description":"Oka\u2019s Premier Medicinal &amp; Recreational Dispensary","publisher":{"@id":"https:\/\/maryjanesoka.com\/fr\/#organization"},"potentialAction":[{"@type":"SearchAction","target":{"@type":"EntryPoint","urlTemplate":"https:\/\/maryjanesoka.com\/fr\/?s={search_term_string}"},"query-input":"required name=search_term_string"}],"inLanguage":"fr-FR"},{"@type":"Organization","@id":"https:\/\/maryjanesoka.com\/fr\/#organization","name":"Oka&#039;s Marijuana Dispensary - Mary Jane&#039;s","url":"https:\/\/maryjanesoka.com\/fr\/","logo":{"@type":"ImageObject","inLanguage":"fr-FR","@id":"https:\/\/maryjanesoka.com\/fr\/#\/schema\/logo\/image\/","url":"https:\/\/maryjanesoka.com\/wp-content\/uploads\/2021\/03\/cropped-734100_MJOkaLogo_Black_1_060420.png","contentUrl":"https:\/\/maryjanesoka.com\/wp-content\/uploads\/2021\/03\/cropped-734100_MJOkaLogo_Black_1_060420.png","width":3000,"height":1380,"caption":"Oka&#039;s Marijuana Dispensary - Mary Jane&#039;s"},"image":{"@id":"https:\/\/maryjanesoka.com\/fr\/#\/schema\/logo\/image\/"}}]}},"_links":{"self":[{"href":"https:\/\/maryjanesoka.com\/fr\/wp-json\/wp\/v2\/pages\/5417","targetHints":{"allow":["GET"]}}],"collection":[{"href":"https:\/\/maryjanesoka.com\/fr\/wp-json\/wp\/v2\/pages"}],"about":[{"href":"https:\/\/maryjanesoka.com\/fr\/wp-json\/wp\/v2\/types\/page"}],"author":[{"embeddable":true,"href":"https:\/\/maryjanesoka.com\/fr\/wp-json\/wp\/v2\/users\/2"}],"replies":[{"embeddable":true,"href":"https:\/\/maryjanesoka.com\/fr\/wp-json\/wp\/v2\/comments?post=5417"}],"version-history":[{"count":1,"href":"https:\/\/maryjanesoka.com\/fr\/wp-json\/wp\/v2\/pages\/5417\/revisions"}],"predecessor-version":[{"id":5418,"href":"https:\/\/maryjanesoka.com\/fr\/wp-json\/wp\/v2\/pages\/5417\/revisions\/5418"}],"wp:attachment":[{"href":"https:\/\/maryjanesoka.com\/fr\/wp-json\/wp\/v2\/media?parent=5417"}],"curies":[{"name":"wp","href":"https:\/\/api.w.org\/{rel}","templated":true}]}}