{"id":6250,"date":"2025-01-20T19:15:45","date_gmt":"2025-01-20T19:15:45","guid":{"rendered":"https:\/\/maryjanesoka.com\/nicotine-vapes\/"},"modified":"2026-02-10T23:29:14","modified_gmt":"2026-02-10T23:29:14","slug":"nicotine-vapes","status":"publish","type":"page","link":"https:\/\/maryjanesoka.com\/fr\/nicotine-vapes\/","title":{"rendered":"Nicotine Vapes"},"content":{"rendered":"\t\t<div data-elementor-type=\"wp-page\" data-elementor-id=\"6250\" class=\"elementor elementor-6250 elementor-6234\" data-elementor-post-type=\"page\">\n\t\t\t\t\t\t\t\t\t<section class=\"elementor-section elementor-top-section elementor-element elementor-element-128c002c elementor-section-height-min-height elementor-section-boxed elementor-section-height-default elementor-section-items-middle\" data-id=\"128c002c\" data-element_type=\"section\" data-settings=\"{&quot;background_background&quot;:&quot;classic&quot;}\">\n\t\t\t\t\t\t\t<div class=\"elementor-background-overlay\"><\/div>\n\t\t\t\t\t\t\t<div class=\"elementor-container elementor-column-gap-default\">\n\t\t\t\t\t<div class=\"elementor-column elementor-col-100 elementor-top-column elementor-element elementor-element-229b16e6\" data-id=\"229b16e6\" data-element_type=\"column\">\n\t\t\t<div class=\"elementor-widget-wrap elementor-element-populated\">\n\t\t\t\t\t\t\t\t<div class=\"elementor-element elementor-element-2b29efe0 elementor-widget elementor-widget-heading\" data-id=\"2b29efe0\" data-element_type=\"widget\" data-widget_type=\"heading.default\">\n\t\t\t\t<div class=\"elementor-widget-container\">\n\t\t\t<h2 class=\"elementor-heading-title elementor-size-default\">Nicotine Vapes<\/h2>\t\t<\/div>\n\t\t\t\t<\/div>\n\t\t\t\t<div class=\"elementor-element elementor-element-41975391 elementor-widget elementor-widget-text-editor\" data-id=\"41975391\" data-element_type=\"widget\" data-widget_type=\"text-editor.default\">\n\t\t\t\t<div class=\"elementor-widget-container\">\n\t\t\t\t\t\t\t<p>Venez d\u00e9couvrir notre s\u00e9lection compl\u00e8te<\/p>\n\t\t\t\t\t\t<\/div>\n\t\t\t\t<\/div>\n\t\t\t\t\t<\/div>\n\t\t<\/div>\n\t\t\t\t\t\t\t<\/div>\n\t\t<\/section>\n\t\t\t\t<section class=\"elementor-section elementor-top-section elementor-element elementor-element-4c6da43d elementor-section-boxed elementor-section-height-default elementor-section-height-default\" data-id=\"4c6da43d\" data-element_type=\"section\" data-settings=\"{&quot;background_background&quot;:&quot;classic&quot;}\">\n\t\t\t\t\t\t<div class=\"elementor-container elementor-column-gap-default\">\n\t\t\t\t\t<div class=\"elementor-column elementor-col-100 elementor-top-column elementor-element elementor-element-5d6f1e02\" data-id=\"5d6f1e02\" data-element_type=\"column\">\n\t\t\t<div class=\"elementor-widget-wrap elementor-element-populated\">\n\t\t\t\t\t\t\t\t<div class=\"elementor-element elementor-element-60f6baa3 elementor-widget elementor-widget-heading\" data-id=\"60f6baa3\" data-element_type=\"widget\" data-widget_type=\"heading.default\">\n\t\t\t\t<div class=\"elementor-widget-container\">\n\t\t\t<h3 class=\"elementor-heading-title elementor-size-default\">Quelques-uns de nos Nicotine Vapes en vedette<\/h3>\t\t<\/div>\n\t\t\t\t<\/div>\n\t\t\t\t<div class=\"elementor-element elementor-element-2c8a762a elementor-widget elementor-widget-gallery\" data-id=\"2c8a762a\" data-element_type=\"widget\" data-settings=\"{&quot;gallery_layout&quot;:&quot;masonry&quot;,&quot;gap&quot;:{&quot;unit&quot;:&quot;px&quot;,&quot;size&quot;:15,&quot;sizes&quot;:[]},&quot;lazyload&quot;:&quot;yes&quot;,&quot;columns&quot;:4,&quot;columns_tablet&quot;:2,&quot;columns_mobile&quot;:1,&quot;gap_tablet&quot;:{&quot;unit&quot;:&quot;px&quot;,&quot;size&quot;:10,&quot;sizes&quot;:[]},&quot;gap_mobile&quot;:{&quot;unit&quot;:&quot;px&quot;,&quot;size&quot;:10,&quot;sizes&quot;:[]},&quot;link_to&quot;:&quot;file&quot;,&quot;overlay_background&quot;:&quot;yes&quot;,&quot;content_hover_animation&quot;:&quot;fade-in&quot;}\" data-widget_type=\"gallery.default\">\n\t\t\t\t<div class=\"elementor-widget-container\">\n\t\t\t\t\t<div class=\"elementor-gallery__container\">\n\t\t\t\t\t\t\t<a class=\"e-gallery-item elementor-gallery-item elementor-animated-content\" href=\"https:\/\/maryjanesoka.com\/wp-content\/uploads\/2025\/01\/Nicotine-Vape-1.jpg\" data-elementor-open-lightbox=\"yes\" data-elementor-lightbox-slideshow=\"2c8a762a\" data-elementor-lightbox-title=\"Nicotine-Vape-1\" data-e-action-hash=\"#elementor-action%3Aaction%3Dlightbox%26settings%3DeyJpZCI6NjI0MywidXJsIjoiaHR0cHM6XC9cL21hcnlqYW5lc29rYS5jb21cL3dwLWNvbnRlbnRcL3VwbG9hZHNcLzIwMjVcLzAxXC9OaWNvdGluZS1WYXBlLTEuanBnIiwic2xpZGVzaG93IjoiMmM4YTc2MmEifQ%3D%3D\">\n\t\t\t\t\t<div class=\"e-gallery-image elementor-gallery-item__image\" data-thumbnail=\"https:\/\/maryjanesoka.com\/wp-content\/uploads\/2025\/01\/Nicotine-Vape-1.jpg\" data-width=\"1200\" data-height=\"1600\" aria-label=\"\" role=\"img\" ><\/div>\n\t\t\t\t\t\t\t\t\t\t\t<div class=\"elementor-gallery-item__overlay\"><\/div>\n\t\t\t\t\t\t\t\t\t\t\t\t\t\t<\/a>\n\t\t\t\t\t\t\t<a class=\"e-gallery-item elementor-gallery-item elementor-animated-content\" href=\"https:\/\/maryjanesoka.com\/wp-content\/uploads\/2025\/01\/Nicotine-Vape-2.jpg\" data-elementor-open-lightbox=\"yes\" data-elementor-lightbox-slideshow=\"2c8a762a\" data-elementor-lightbox-title=\"Nicotine-Vape-2\" data-e-action-hash=\"#elementor-action%3Aaction%3Dlightbox%26settings%3DeyJpZCI6NjI0MSwidXJsIjoiaHR0cHM6XC9cL21hcnlqYW5lc29rYS5jb21cL3dwLWNvbnRlbnRcL3VwbG9hZHNcLzIwMjVcLzAxXC9OaWNvdGluZS1WYXBlLTIuanBnIiwic2xpZGVzaG93IjoiMmM4YTc2MmEifQ%3D%3D\">\n\t\t\t\t\t<div class=\"e-gallery-image elementor-gallery-item__image\" data-thumbnail=\"https:\/\/maryjanesoka.com\/wp-content\/uploads\/2025\/01\/Nicotine-Vape-2.jpg\" data-width=\"1200\" data-height=\"1600\" aria-label=\"\" role=\"img\" ><\/div>\n\t\t\t\t\t\t\t\t\t\t\t<div class=\"elementor-gallery-item__overlay\"><\/div>\n\t\t\t\t\t\t\t\t\t\t\t\t\t\t<\/a>\n\t\t\t\t\t\t\t<a class=\"e-gallery-item elementor-gallery-item elementor-animated-content\" href=\"https:\/\/maryjanesoka.com\/wp-content\/uploads\/2025\/01\/Nicotine-Vape-4.jpg\" data-elementor-open-lightbox=\"yes\" data-elementor-lightbox-slideshow=\"2c8a762a\" data-elementor-lightbox-title=\"Nicotine-Vape-4\" data-e-action-hash=\"#elementor-action%3Aaction%3Dlightbox%26settings%3DeyJpZCI6NjIzNywidXJsIjoiaHR0cHM6XC9cL21hcnlqYW5lc29rYS5jb21cL3dwLWNvbnRlbnRcL3VwbG9hZHNcLzIwMjVcLzAxXC9OaWNvdGluZS1WYXBlLTQuanBnIiwic2xpZGVzaG93IjoiMmM4YTc2MmEifQ%3D%3D\">\n\t\t\t\t\t<div class=\"e-gallery-image elementor-gallery-item__image\" data-thumbnail=\"https:\/\/maryjanesoka.com\/wp-content\/uploads\/2025\/01\/Nicotine-Vape-4.jpg\" data-width=\"1200\" data-height=\"1600\" aria-label=\"\" role=\"img\" ><\/div>\n\t\t\t\t\t\t\t\t\t\t\t<div class=\"elementor-gallery-item__overlay\"><\/div>\n\t\t\t\t\t\t\t\t\t\t\t\t\t\t<\/a>\n\t\t\t\t\t\t\t<a class=\"e-gallery-item elementor-gallery-item elementor-animated-content\" href=\"https:\/\/maryjanesoka.com\/wp-content\/uploads\/2026\/02\/nic-1.jpg\" data-elementor-open-lightbox=\"yes\" data-elementor-lightbox-slideshow=\"2c8a762a\" data-elementor-lightbox-title=\"nic\" data-e-action-hash=\"#elementor-action%3Aaction%3Dlightbox%26settings%3DeyJpZCI6ODYwNywidXJsIjoiaHR0cHM6XC9cL21hcnlqYW5lc29rYS5jb21cL3dwLWNvbnRlbnRcL3VwbG9hZHNcLzIwMjZcLzAyXC9uaWMtMS5qcGciLCJzbGlkZXNob3ciOiIyYzhhNzYyYSJ9\">\n\t\t\t\t\t<div class=\"e-gallery-image elementor-gallery-item__image\" data-thumbnail=\"https:\/\/maryjanesoka.com\/wp-content\/uploads\/2026\/02\/nic-1.jpg\" data-width=\"2000\" data-height=\"957\" aria-label=\"\" role=\"img\" ><\/div>\n\t\t\t\t\t\t\t\t\t\t\t<div class=\"elementor-gallery-item__overlay\"><\/div>\n\t\t\t\t\t\t\t\t\t\t\t\t\t\t<\/a>\n\t\t\t\t\t\t\t<a class=\"e-gallery-item elementor-gallery-item elementor-animated-content\" href=\"https:\/\/maryjanesoka.com\/wp-content\/uploads\/2025\/01\/Nicotine-Vape-3.jpg\" data-elementor-open-lightbox=\"yes\" data-elementor-lightbox-slideshow=\"2c8a762a\" data-elementor-lightbox-title=\"Nicotine-Vape-3\" data-e-action-hash=\"#elementor-action%3Aaction%3Dlightbox%26settings%3DeyJpZCI6NjIzOSwidXJsIjoiaHR0cHM6XC9cL21hcnlqYW5lc29rYS5jb21cL3dwLWNvbnRlbnRcL3VwbG9hZHNcLzIwMjVcLzAxXC9OaWNvdGluZS1WYXBlLTMuanBnIiwic2xpZGVzaG93IjoiMmM4YTc2MmEifQ%3D%3D\">\n\t\t\t\t\t<div class=\"e-gallery-image elementor-gallery-item__image\" data-thumbnail=\"https:\/\/maryjanesoka.com\/wp-content\/uploads\/2025\/01\/Nicotine-Vape-3.jpg\" data-width=\"1200\" data-height=\"1600\" aria-label=\"\" role=\"img\" ><\/div>\n\t\t\t\t\t\t\t\t\t\t\t<div class=\"elementor-gallery-item__overlay\"><\/div>\n\t\t\t\t\t\t\t\t\t\t\t\t\t\t<\/a>\n\t\t\t\t\t\t\t<a class=\"e-gallery-item elementor-gallery-item elementor-animated-content\" href=\"https:\/\/maryjanesoka.com\/wp-content\/uploads\/2025\/02\/Photo-2025-02-05-2-41-30-PM.jpg\" data-elementor-open-lightbox=\"yes\" data-elementor-lightbox-slideshow=\"2c8a762a\" data-elementor-lightbox-title=\"Photo-2025-02-05,-2-41-30-PM\" data-e-action-hash=\"#elementor-action%3Aaction%3Dlightbox%26settings%3DeyJpZCI6NjYwMSwidXJsIjoiaHR0cHM6XC9cL21hcnlqYW5lc29rYS5jb21cL3dwLWNvbnRlbnRcL3VwbG9hZHNcLzIwMjVcLzAyXC9QaG90by0yMDI1LTAyLTA1LTItNDEtMzAtUE0uanBnIiwic2xpZGVzaG93IjoiMmM4YTc2MmEifQ%3D%3D\">\n\t\t\t\t\t<div class=\"e-gallery-image elementor-gallery-item__image\" data-thumbnail=\"https:\/\/maryjanesoka.com\/wp-content\/uploads\/2025\/02\/Photo-2025-02-05-2-41-30-PM.jpg\" data-width=\"1500\" data-height=\"2000\" aria-label=\"\" role=\"img\" ><\/div>\n\t\t\t\t\t\t\t\t\t\t\t<div class=\"elementor-gallery-item__overlay\"><\/div>\n\t\t\t\t\t\t\t\t\t\t\t\t\t\t<\/a>\n\t\t\t\t\t\t\t<a class=\"e-gallery-item elementor-gallery-item elementor-animated-content\" href=\"https:\/\/maryjanesoka.com\/wp-content\/uploads\/2025\/02\/Photo-2025-02-05-2-43-06-PM.jpg\" data-elementor-open-lightbox=\"yes\" data-elementor-lightbox-slideshow=\"2c8a762a\" data-elementor-lightbox-title=\"Photo-2025-02-05,-2-43-06-PM\" data-e-action-hash=\"#elementor-action%3Aaction%3Dlightbox%26settings%3DeyJpZCI6NjYwMywidXJsIjoiaHR0cHM6XC9cL21hcnlqYW5lc29rYS5jb21cL3dwLWNvbnRlbnRcL3VwbG9hZHNcLzIwMjVcLzAyXC9QaG90by0yMDI1LTAyLTA1LTItNDMtMDYtUE0uanBnIiwic2xpZGVzaG93IjoiMmM4YTc2MmEifQ%3D%3D\">\n\t\t\t\t\t<div class=\"e-gallery-image elementor-gallery-item__image\" data-thumbnail=\"https:\/\/maryjanesoka.com\/wp-content\/uploads\/2025\/02\/Photo-2025-02-05-2-43-06-PM.jpg\" data-width=\"1500\" data-height=\"2000\" aria-label=\"\" role=\"img\" ><\/div>\n\t\t\t\t\t\t\t\t\t\t\t<div class=\"elementor-gallery-item__overlay\"><\/div>\n\t\t\t\t\t\t\t\t\t\t\t\t\t\t<\/a>\n\t\t\t\t\t\t\t<a class=\"e-gallery-item elementor-gallery-item elementor-animated-content\" href=\"https:\/\/maryjanesoka.com\/wp-content\/uploads\/2025\/02\/Photo-2025-02-05-2-43-31-PM.jpg\" data-elementor-open-lightbox=\"yes\" data-elementor-lightbox-slideshow=\"2c8a762a\" data-elementor-lightbox-title=\"Photo-2025-02-05,-2-43-31-PM\" data-e-action-hash=\"#elementor-action%3Aaction%3Dlightbox%26settings%3DeyJpZCI6NjYwNSwidXJsIjoiaHR0cHM6XC9cL21hcnlqYW5lc29rYS5jb21cL3dwLWNvbnRlbnRcL3VwbG9hZHNcLzIwMjVcLzAyXC9QaG90by0yMDI1LTAyLTA1LTItNDMtMzEtUE0uanBnIiwic2xpZGVzaG93IjoiMmM4YTc2MmEifQ%3D%3D\">\n\t\t\t\t\t<div class=\"e-gallery-image elementor-gallery-item__image\" data-thumbnail=\"https:\/\/maryjanesoka.com\/wp-content\/uploads\/2025\/02\/Photo-2025-02-05-2-43-31-PM.jpg\" data-width=\"1500\" data-height=\"2000\" aria-label=\"\" role=\"img\" ><\/div>\n\t\t\t\t\t\t\t\t\t\t\t<div class=\"elementor-gallery-item__overlay\"><\/div>\n\t\t\t\t\t\t\t\t\t\t\t\t\t\t<\/a>\n\t\t\t\t\t\t\t<a class=\"e-gallery-item elementor-gallery-item elementor-animated-content\" href=\"https:\/\/maryjanesoka.com\/wp-content\/uploads\/2025\/02\/Photo-2025-02-05-2-42-00-PM.jpg\" data-elementor-open-lightbox=\"yes\" data-elementor-lightbox-slideshow=\"2c8a762a\" data-elementor-lightbox-title=\"Photo-2025-02-05,-2-42-00-PM\" data-e-action-hash=\"#elementor-action%3Aaction%3Dlightbox%26settings%3DeyJpZCI6NjYwNywidXJsIjoiaHR0cHM6XC9cL21hcnlqYW5lc29rYS5jb21cL3dwLWNvbnRlbnRcL3VwbG9hZHNcLzIwMjVcLzAyXC9QaG90by0yMDI1LTAyLTA1LTItNDItMDAtUE0uanBnIiwic2xpZGVzaG93IjoiMmM4YTc2MmEifQ%3D%3D\">\n\t\t\t\t\t<div class=\"e-gallery-image elementor-gallery-item__image\" data-thumbnail=\"https:\/\/maryjanesoka.com\/wp-content\/uploads\/2025\/02\/Photo-2025-02-05-2-42-00-PM.jpg\" data-width=\"1500\" data-height=\"2000\" aria-label=\"\" role=\"img\" ><\/div>\n\t\t\t\t\t\t\t\t\t\t\t<div class=\"elementor-gallery-item__overlay\"><\/div>\n\t\t\t\t\t\t\t\t\t\t\t\t\t\t<\/a>\n\t\t\t\t\t\t\t<a class=\"e-gallery-item elementor-gallery-item elementor-animated-content\" href=\"https:\/\/maryjanesoka.com\/wp-content\/uploads\/2025\/02\/Photo-2025-02-05-2-39-28-PM.jpg\" data-elementor-open-lightbox=\"yes\" data-elementor-lightbox-slideshow=\"2c8a762a\" data-elementor-lightbox-title=\"Photo-2025-02-05,-2-39-28-PM\" data-e-action-hash=\"#elementor-action%3Aaction%3Dlightbox%26settings%3DeyJpZCI6NjYwOSwidXJsIjoiaHR0cHM6XC9cL21hcnlqYW5lc29rYS5jb21cL3dwLWNvbnRlbnRcL3VwbG9hZHNcLzIwMjVcLzAyXC9QaG90by0yMDI1LTAyLTA1LTItMzktMjgtUE0uanBnIiwic2xpZGVzaG93IjoiMmM4YTc2MmEifQ%3D%3D\">\n\t\t\t\t\t<div class=\"e-gallery-image elementor-gallery-item__image\" data-thumbnail=\"https:\/\/maryjanesoka.com\/wp-content\/uploads\/2025\/02\/Photo-2025-02-05-2-39-28-PM.jpg\" data-width=\"1500\" data-height=\"2000\" aria-label=\"\" role=\"img\" ><\/div>\n\t\t\t\t\t\t\t\t\t\t\t<div class=\"elementor-gallery-item__overlay\"><\/div>\n\t\t\t\t\t\t\t\t\t\t\t\t\t\t<\/a>\n\t\t\t\t\t\t\t<a class=\"e-gallery-item elementor-gallery-item elementor-animated-content\" href=\"https:\/\/maryjanesoka.com\/wp-content\/uploads\/2025\/02\/Photo-2025-02-05-2-38-53-PM.jpg\" data-elementor-open-lightbox=\"yes\" data-elementor-lightbox-slideshow=\"2c8a762a\" data-elementor-lightbox-title=\"Photo-2025-02-05,-2-38-53-PM\" data-e-action-hash=\"#elementor-action%3Aaction%3Dlightbox%26settings%3DeyJpZCI6NjYxMSwidXJsIjoiaHR0cHM6XC9cL21hcnlqYW5lc29rYS5jb21cL3dwLWNvbnRlbnRcL3VwbG9hZHNcLzIwMjVcLzAyXC9QaG90by0yMDI1LTAyLTA1LTItMzgtNTMtUE0uanBnIiwic2xpZGVzaG93IjoiMmM4YTc2MmEifQ%3D%3D\">\n\t\t\t\t\t<div class=\"e-gallery-image elementor-gallery-item__image\" data-thumbnail=\"https:\/\/maryjanesoka.com\/wp-content\/uploads\/2025\/02\/Photo-2025-02-05-2-38-53-PM.jpg\" data-width=\"1500\" data-height=\"2000\" aria-label=\"\" role=\"img\" ><\/div>\n\t\t\t\t\t\t\t\t\t\t\t<div class=\"elementor-gallery-item__overlay\"><\/div>\n\t\t\t\t\t\t\t\t\t\t\t\t\t\t<\/a>\n\t\t\t\t\t\t\t<a class=\"e-gallery-item elementor-gallery-item elementor-animated-content\" href=\"https:\/\/maryjanesoka.com\/wp-content\/uploads\/2025\/02\/Photo-2025-02-05-2-40-59-PM.jpg\" data-elementor-open-lightbox=\"yes\" data-elementor-lightbox-slideshow=\"2c8a762a\" data-elementor-lightbox-title=\"Photo-2025-02-05,-2-40-59-PM\" data-e-action-hash=\"#elementor-action%3Aaction%3Dlightbox%26settings%3DeyJpZCI6NjYxMywidXJsIjoiaHR0cHM6XC9cL21hcnlqYW5lc29rYS5jb21cL3dwLWNvbnRlbnRcL3VwbG9hZHNcLzIwMjVcLzAyXC9QaG90by0yMDI1LTAyLTA1LTItNDAtNTktUE0uanBnIiwic2xpZGVzaG93IjoiMmM4YTc2MmEifQ%3D%3D\">\n\t\t\t\t\t<div class=\"e-gallery-image elementor-gallery-item__image\" data-thumbnail=\"https:\/\/maryjanesoka.com\/wp-content\/uploads\/2025\/02\/Photo-2025-02-05-2-40-59-PM.jpg\" data-width=\"1500\" data-height=\"2000\" aria-label=\"\" role=\"img\" ><\/div>\n\t\t\t\t\t\t\t\t\t\t\t<div class=\"elementor-gallery-item__overlay\"><\/div>\n\t\t\t\t\t\t\t\t\t\t\t\t\t\t<\/a>\n\t\t\t\t\t\t\t<a class=\"e-gallery-item elementor-gallery-item elementor-animated-content\" href=\"https:\/\/maryjanesoka.com\/wp-content\/uploads\/2025\/02\/Photo-2025-02-05-2-40-13-PM.jpg\" data-elementor-open-lightbox=\"yes\" data-elementor-lightbox-slideshow=\"2c8a762a\" data-elementor-lightbox-title=\"Photo-2025-02-05,-2-40-13-PM\" data-e-action-hash=\"#elementor-action%3Aaction%3Dlightbox%26settings%3DeyJpZCI6NjYxNSwidXJsIjoiaHR0cHM6XC9cL21hcnlqYW5lc29rYS5jb21cL3dwLWNvbnRlbnRcL3VwbG9hZHNcLzIwMjVcLzAyXC9QaG90by0yMDI1LTAyLTA1LTItNDAtMTMtUE0uanBnIiwic2xpZGVzaG93IjoiMmM4YTc2MmEifQ%3D%3D\">\n\t\t\t\t\t<div class=\"e-gallery-image elementor-gallery-item__image\" data-thumbnail=\"https:\/\/maryjanesoka.com\/wp-content\/uploads\/2025\/02\/Photo-2025-02-05-2-40-13-PM.jpg\" data-width=\"1500\" data-height=\"2000\" aria-label=\"\" role=\"img\" ><\/div>\n\t\t\t\t\t\t\t\t\t\t\t<div class=\"elementor-gallery-item__overlay\"><\/div>\n\t\t\t\t\t\t\t\t\t\t\t\t\t\t<\/a>\n\t\t\t\t\t\t\t<a class=\"e-gallery-item elementor-gallery-item elementor-animated-content\" href=\"https:\/\/maryjanesoka.com\/wp-content\/uploads\/2025\/02\/Photo-2025-02-05-2-37-41-PM.jpg\" data-elementor-open-lightbox=\"yes\" data-elementor-lightbox-slideshow=\"2c8a762a\" data-elementor-lightbox-title=\"Photo-2025-02-05,-2-37-41-PM\" data-e-action-hash=\"#elementor-action%3Aaction%3Dlightbox%26settings%3DeyJpZCI6NjYxNywidXJsIjoiaHR0cHM6XC9cL21hcnlqYW5lc29rYS5jb21cL3dwLWNvbnRlbnRcL3VwbG9hZHNcLzIwMjVcLzAyXC9QaG90by0yMDI1LTAyLTA1LTItMzctNDEtUE0uanBnIiwic2xpZGVzaG93IjoiMmM4YTc2MmEifQ%3D%3D\">\n\t\t\t\t\t<div class=\"e-gallery-image elementor-gallery-item__image\" data-thumbnail=\"https:\/\/maryjanesoka.com\/wp-content\/uploads\/2025\/02\/Photo-2025-02-05-2-37-41-PM.jpg\" data-width=\"1500\" data-height=\"2000\" aria-label=\"\" role=\"img\" ><\/div>\n\t\t\t\t\t\t\t\t\t\t\t<div class=\"elementor-gallery-item__overlay\"><\/div>\n\t\t\t\t\t\t\t\t\t\t\t\t\t\t<\/a>\n\t\t\t\t\t\t\t<a class=\"e-gallery-item elementor-gallery-item elementor-animated-content\" href=\"https:\/\/maryjanesoka.com\/wp-content\/uploads\/2025\/02\/Photo-2025-02-05-2-36-44-PM.jpg\" data-elementor-open-lightbox=\"yes\" data-elementor-lightbox-slideshow=\"2c8a762a\" data-elementor-lightbox-title=\"Photo-2025-02-05,-2-36-44-PM\" data-e-action-hash=\"#elementor-action%3Aaction%3Dlightbox%26settings%3DeyJpZCI6NjYxOSwidXJsIjoiaHR0cHM6XC9cL21hcnlqYW5lc29rYS5jb21cL3dwLWNvbnRlbnRcL3VwbG9hZHNcLzIwMjVcLzAyXC9QaG90by0yMDI1LTAyLTA1LTItMzYtNDQtUE0uanBnIiwic2xpZGVzaG93IjoiMmM4YTc2MmEifQ%3D%3D\">\n\t\t\t\t\t<div class=\"e-gallery-image elementor-gallery-item__image\" data-thumbnail=\"https:\/\/maryjanesoka.com\/wp-content\/uploads\/2025\/02\/Photo-2025-02-05-2-36-44-PM.jpg\" data-width=\"1500\" data-height=\"2000\" aria-label=\"\" role=\"img\" ><\/div>\n\t\t\t\t\t\t\t\t\t\t\t<div class=\"elementor-gallery-item__overlay\"><\/div>\n\t\t\t\t\t\t\t\t\t\t\t\t\t\t<\/a>\n\t\t\t\t\t<\/div>\n\t\t\t<\/div>\n\t\t\t\t<\/div>\n\t\t\t\t\t<\/div>\n\t\t<\/div>\n\t\t\t\t\t\t\t<\/div>\n\t\t<\/section>\n\t\t\t\t\t\t\t<\/div>\n\t\t","protected":false},"excerpt":{"rendered":"<p>Nicotine Vapes Venez d\u00e9couvrir notre s\u00e9lection compl\u00e8te Quelques-uns de nos Nicotine Vapes en vedette<\/p>\n","protected":false},"author":2,"featured_media":0,"parent":0,"menu_order":0,"comment_status":"closed","ping_status":"closed","template":"","meta":{"_acf_changed":false,"footnotes":""},"class_list":["post-6250","page","type-page","status-publish","hentry"],"acf":[],"yoast_head":"<!-- This site is optimized with the Yoast SEO plugin v21.7 - https:\/\/yoast.com\/wordpress\/plugins\/seo\/ -->\n<title>Nicotine Vapes - Oka&#039;s Marijuana Dispensary - Mary Jane&#039;s<\/title>\n<meta name=\"robots\" content=\"index, follow, max-snippet:-1, max-image-preview:large, max-video-preview:-1\" \/>\n<link rel=\"canonical\" href=\"https:\/\/maryjanesoka.com\/fr\/nicotine-vapes\/\" \/>\n<meta property=\"og:locale\" content=\"fr_FR\" \/>\n<meta property=\"og:type\" content=\"article\" \/>\n<meta property=\"og:title\" content=\"Nicotine Vapes - Oka&#039;s Marijuana Dispensary - Mary Jane&#039;s\" \/>\n<meta property=\"og:description\" content=\"Nicotine Vapes Venez d\u00e9couvrir notre s\u00e9lection compl\u00e8te Quelques-uns de nos Nicotine Vapes en vedette\" \/>\n<meta property=\"og:url\" content=\"https:\/\/maryjanesoka.com\/fr\/nicotine-vapes\/\" \/>\n<meta property=\"og:site_name\" content=\"Oka&#039;s Marijuana Dispensary - Mary Jane&#039;s\" \/>\n<meta property=\"article:modified_time\" content=\"2026-02-10T23:29:14+00:00\" \/>\n<meta name=\"twitter:card\" content=\"summary_large_image\" \/>\n<script type=\"application\/ld+json\" class=\"yoast-schema-graph\">{\"@context\":\"https:\/\/schema.org\",\"@graph\":[{\"@type\":\"WebPage\",\"@id\":\"https:\/\/maryjanesoka.com\/fr\/nicotine-vapes\/\",\"url\":\"https:\/\/maryjanesoka.com\/fr\/nicotine-vapes\/\",\"name\":\"Nicotine Vapes - Oka&#039;s Marijuana Dispensary - Mary Jane&#039;s\",\"isPartOf\":{\"@id\":\"https:\/\/maryjanesoka.com\/fr\/#website\"},\"datePublished\":\"2025-01-20T19:15:45+00:00\",\"dateModified\":\"2026-02-10T23:29:14+00:00\",\"breadcrumb\":{\"@id\":\"https:\/\/maryjanesoka.com\/fr\/nicotine-vapes\/#breadcrumb\"},\"inLanguage\":\"fr-FR\",\"potentialAction\":[{\"@type\":\"ReadAction\",\"target\":[\"https:\/\/maryjanesoka.com\/fr\/nicotine-vapes\/\"]}]},{\"@type\":\"BreadcrumbList\",\"@id\":\"https:\/\/maryjanesoka.com\/fr\/nicotine-vapes\/#breadcrumb\",\"itemListElement\":[{\"@type\":\"ListItem\",\"position\":1,\"name\":\"Home\",\"item\":\"https:\/\/maryjanesoka.com\/fr\/le-dispensaire-de-marijuana-doka\/\"},{\"@type\":\"ListItem\",\"position\":2,\"name\":\"Nicotine Vapes\"}]},{\"@type\":\"WebSite\",\"@id\":\"https:\/\/maryjanesoka.com\/fr\/#website\",\"url\":\"https:\/\/maryjanesoka.com\/fr\/\",\"name\":\"Oka&#039;s Marijuana Dispensary - Mary Jane&#039;s\",\"description\":\"Oka\u2019s Premier Medicinal &amp; Recreational Dispensary\",\"publisher\":{\"@id\":\"https:\/\/maryjanesoka.com\/fr\/#organization\"},\"potentialAction\":[{\"@type\":\"SearchAction\",\"target\":{\"@type\":\"EntryPoint\",\"urlTemplate\":\"https:\/\/maryjanesoka.com\/fr\/?s={search_term_string}\"},\"query-input\":\"required name=search_term_string\"}],\"inLanguage\":\"fr-FR\"},{\"@type\":\"Organization\",\"@id\":\"https:\/\/maryjanesoka.com\/fr\/#organization\",\"name\":\"Oka&#039;s Marijuana Dispensary - Mary Jane&#039;s\",\"url\":\"https:\/\/maryjanesoka.com\/fr\/\",\"logo\":{\"@type\":\"ImageObject\",\"inLanguage\":\"fr-FR\",\"@id\":\"https:\/\/maryjanesoka.com\/fr\/#\/schema\/logo\/image\/\",\"url\":\"https:\/\/maryjanesoka.com\/wp-content\/uploads\/2021\/03\/cropped-734100_MJOkaLogo_Black_1_060420.png\",\"contentUrl\":\"https:\/\/maryjanesoka.com\/wp-content\/uploads\/2021\/03\/cropped-734100_MJOkaLogo_Black_1_060420.png\",\"width\":3000,\"height\":1380,\"caption\":\"Oka&#039;s Marijuana Dispensary - Mary Jane&#039;s\"},\"image\":{\"@id\":\"https:\/\/maryjanesoka.com\/fr\/#\/schema\/logo\/image\/\"}}]}<\/script>\n<!-- \/ Yoast SEO plugin. -->","yoast_head_json":{"title":"Nicotine Vapes - Oka&#039;s Marijuana Dispensary - Mary Jane&#039;s","robots":{"index":"index","follow":"follow","max-snippet":"max-snippet:-1","max-image-preview":"max-image-preview:large","max-video-preview":"max-video-preview:-1"},"canonical":"https:\/\/maryjanesoka.com\/fr\/nicotine-vapes\/","og_locale":"fr_FR","og_type":"article","og_title":"Nicotine Vapes - Oka&#039;s Marijuana Dispensary - Mary Jane&#039;s","og_description":"Nicotine Vapes Venez d\u00e9couvrir notre s\u00e9lection compl\u00e8te Quelques-uns de nos Nicotine Vapes en vedette","og_url":"https:\/\/maryjanesoka.com\/fr\/nicotine-vapes\/","og_site_name":"Oka&#039;s Marijuana Dispensary - Mary Jane&#039;s","article_modified_time":"2026-02-10T23:29:14+00:00","twitter_card":"summary_large_image","schema":{"@context":"https:\/\/schema.org","@graph":[{"@type":"WebPage","@id":"https:\/\/maryjanesoka.com\/fr\/nicotine-vapes\/","url":"https:\/\/maryjanesoka.com\/fr\/nicotine-vapes\/","name":"Nicotine Vapes - Oka&#039;s Marijuana Dispensary - Mary Jane&#039;s","isPartOf":{"@id":"https:\/\/maryjanesoka.com\/fr\/#website"},"datePublished":"2025-01-20T19:15:45+00:00","dateModified":"2026-02-10T23:29:14+00:00","breadcrumb":{"@id":"https:\/\/maryjanesoka.com\/fr\/nicotine-vapes\/#breadcrumb"},"inLanguage":"fr-FR","potentialAction":[{"@type":"ReadAction","target":["https:\/\/maryjanesoka.com\/fr\/nicotine-vapes\/"]}]},{"@type":"BreadcrumbList","@id":"https:\/\/maryjanesoka.com\/fr\/nicotine-vapes\/#breadcrumb","itemListElement":[{"@type":"ListItem","position":1,"name":"Home","item":"https:\/\/maryjanesoka.com\/fr\/le-dispensaire-de-marijuana-doka\/"},{"@type":"ListItem","position":2,"name":"Nicotine Vapes"}]},{"@type":"WebSite","@id":"https:\/\/maryjanesoka.com\/fr\/#website","url":"https:\/\/maryjanesoka.com\/fr\/","name":"Oka&#039;s Marijuana Dispensary - Mary Jane&#039;s","description":"Oka\u2019s Premier Medicinal &amp; Recreational Dispensary","publisher":{"@id":"https:\/\/maryjanesoka.com\/fr\/#organization"},"potentialAction":[{"@type":"SearchAction","target":{"@type":"EntryPoint","urlTemplate":"https:\/\/maryjanesoka.com\/fr\/?s={search_term_string}"},"query-input":"required name=search_term_string"}],"inLanguage":"fr-FR"},{"@type":"Organization","@id":"https:\/\/maryjanesoka.com\/fr\/#organization","name":"Oka&#039;s Marijuana Dispensary - Mary Jane&#039;s","url":"https:\/\/maryjanesoka.com\/fr\/","logo":{"@type":"ImageObject","inLanguage":"fr-FR","@id":"https:\/\/maryjanesoka.com\/fr\/#\/schema\/logo\/image\/","url":"https:\/\/maryjanesoka.com\/wp-content\/uploads\/2021\/03\/cropped-734100_MJOkaLogo_Black_1_060420.png","contentUrl":"https:\/\/maryjanesoka.com\/wp-content\/uploads\/2021\/03\/cropped-734100_MJOkaLogo_Black_1_060420.png","width":3000,"height":1380,"caption":"Oka&#039;s Marijuana Dispensary - Mary Jane&#039;s"},"image":{"@id":"https:\/\/maryjanesoka.com\/fr\/#\/schema\/logo\/image\/"}}]}},"_links":{"self":[{"href":"https:\/\/maryjanesoka.com\/fr\/wp-json\/wp\/v2\/pages\/6250","targetHints":{"allow":["GET"]}}],"collection":[{"href":"https:\/\/maryjanesoka.com\/fr\/wp-json\/wp\/v2\/pages"}],"about":[{"href":"https:\/\/maryjanesoka.com\/fr\/wp-json\/wp\/v2\/types\/page"}],"author":[{"embeddable":true,"href":"https:\/\/maryjanesoka.com\/fr\/wp-json\/wp\/v2\/users\/2"}],"replies":[{"embeddable":true,"href":"https:\/\/maryjanesoka.com\/fr\/wp-json\/wp\/v2\/comments?post=6250"}],"version-history":[{"count":4,"href":"https:\/\/maryjanesoka.com\/fr\/wp-json\/wp\/v2\/pages\/6250\/revisions"}],"predecessor-version":[{"id":8612,"href":"https:\/\/maryjanesoka.com\/fr\/wp-json\/wp\/v2\/pages\/6250\/revisions\/8612"}],"wp:attachment":[{"href":"https:\/\/maryjanesoka.com\/fr\/wp-json\/wp\/v2\/media?parent=6250"}],"curies":[{"name":"wp","href":"https:\/\/api.w.org\/{rel}","templated":true}]}}